{"id":229,"date":"2021-10-18T17:00:32","date_gmt":"2021-10-18T17:00:32","guid":{"rendered":"https:\/\/oicv.org\/valencia\/index.php\/quienes-somos\/"},"modified":"2026-01-15T11:25:41","modified_gmt":"2026-01-15T11:25:41","slug":"quienes-somos","status":"publish","type":"page","link":"https:\/\/oicv.org\/valencia\/val\/quienes-somos\/","title":{"rendered":"Qui som?"},"content":{"rendered":"\n<p>L&#8217;olimp\u00edada OICV.org a la seu de Val\u00e8ncia l&#8217;organitzen professors i professores del Departament d&#8217;Inform\u00e0tica de la <a rel=\"noreferrer noopener\" href=\"https:\/\/www.uv.es\/uvweb\/ingenieria\/es\/escuela-tecnica-superior-ingenieria-1285845344131.html\" target=\"_blank\">Escola T\u00e8cnica Superior d&#8217;Enginyeria de la Universitat de Val\u00e8ncia (ETSE-UV)<\/a>  , que s&#8217;encarreguen de les tasques d&#8217;inscripci\u00f3, difusi\u00f3 i preparaci\u00f3 de les proves:<\/p>\n","protected":false},"excerpt":{"rendered":"<p>L&#8217;olimp\u00edada OICV.org a la seu de Val\u00e8ncia l&#8217;organitzen professors i professores del Departament d&#8217;Inform\u00e0tica de la Escola T\u00e8cnica Superior d&#8217;Enginyeria &hellip; <a href=\"https:\/\/oicv.org\/valencia\/val\/quienes-somos\/\">Continued<\/a><\/p>\n","protected":false},"author":1,"featured_media":0,"parent":0,"menu_order":0,"comment_status":"closed","ping_status":"closed","template":"views\/template-quienes.blade.php","meta":{"_acf_changed":false,"inline_featured_image":false,"footnotes":""},"class_list":["post-229","page","type-page","status-publish","hentry"],"acf":[],"_links":{"self":[{"href":"https:\/\/oicv.org\/valencia\/val\/wp-json\/wp\/v2\/pages\/229","targetHints":{"allow":["GET"]}}],"collection":[{"href":"https:\/\/oicv.org\/valencia\/val\/wp-json\/wp\/v2\/pages"}],"about":[{"href":"https:\/\/oicv.org\/valencia\/val\/wp-json\/wp\/v2\/types\/page"}],"author":[{"embeddable":true,"href":"https:\/\/oicv.org\/valencia\/val\/wp-json\/wp\/v2\/users\/1"}],"replies":[{"embeddable":true,"href":"https:\/\/oicv.org\/valencia\/val\/wp-json\/wp\/v2\/comments?post=229"}],"version-history":[{"count":10,"href":"https:\/\/oicv.org\/valencia\/val\/wp-json\/wp\/v2\/pages\/229\/revisions"}],"predecessor-version":[{"id":1134,"href":"https:\/\/oicv.org\/valencia\/val\/wp-json\/wp\/v2\/pages\/229\/revisions\/1134"}],"wp:attachment":[{"href":"https:\/\/oicv.org\/valencia\/val\/wp-json\/wp\/v2\/media?parent=229"}],"curies":[{"name":"wp","href":"https:\/\/api.w.org\/{rel}","templated":true}]}}