{"id":233,"date":"2021-09-27T09:50:24","date_gmt":"2021-09-27T09:50:24","guid":{"rendered":"https:\/\/oicv.org\/valencia\/index.php\/home\/"},"modified":"2025-09-23T07:04:25","modified_gmt":"2025-09-23T07:04:25","slug":"home","status":"publish","type":"page","link":"https:\/\/oicv.org\/valencia\/val\/","title":{"rendered":"Home"},"content":{"rendered":"\n<div class=\"wp-block-group titular_home is-layout-flow wp-block-group-is-layout-flow\">\n<h2 class=\"wp-block-heading has-text-align-center\">Posa a prova el teu talent<br>en inform\u00e0tica<\/h2>\n\n\n\n<h3 class=\"wp-block-heading has-text-align-center\">El Cam\u00ed a l&#8217;Olimp\u00edada Internacional<br>d&#8217;Inform\u00e0tica comen\u00e7a ac\u00ed<\/h3>\n<\/div>\n\n\n\n<div class=\"wp-block-columns is-layout-flex wp-container-core-columns-is-layout-9d6595d7 wp-block-columns-is-layout-flex\">\n<div class=\"wp-block-column d-flex flex-column justify-content-center is-layout-flow wp-block-column-is-layout-flow\">\n<p>Des de l\u00b4Escola T\u00e8cnica Superior d\u00b4Enginyeria de la Universitat de Val\u00e8ncia tenim el plaer d\u00b4albergar una de les seus de l\u00b4<a href=\"https:\/\/oicv.org\" data-type=\"URL\" data-id=\"https:\/\/oicv.org\">Olimpiada Inform\u00e1tica de la Comunidad Valenciana<\/a> , una iniciativa altruista per fomentar el talent en inform\u00e0tica entre l\u00b4alumnat d\u00b4educaci\u00f3 secund\u00e0ria, batxillerat o cicles formatius de grau mitj\u00e0.<\/p>\n\n\n\n<p>La iniciativa consistir\u00e0 en <strong>resoldre problemes de programaci\u00f3 de complexitat creixent utilitzant algun dels llenguatges permesos: C++, Python o Java<\/strong>. Proporcionarem <a rel=\"noreferrer noopener\" href=\"https:\/\/oicv.org\/#preparacion\" target=\"_blank\">materials d\u00b4ajuda en l\u00ednia, sessions d\u00b4entrenament i activitats formatives pr\u00e8vies a la competici\u00f3<\/a>.<\/p>\n\n\n\n<p class=\"col-coral\"><\/p>\n\n\n\n<div style=\"height:25px\" aria-hidden=\"true\" class=\"wp-block-spacer d-md-none\"><\/div>\n<\/div>\n\n\n\n<div class=\"wp-block-column is-layout-flow wp-block-column-is-layout-flow\">\n<figure class=\"wp-block-image size-full img_cont img_home\"><img loading=\"lazy\" decoding=\"async\" width=\"586\" height=\"633\" src=\"https:\/\/oicv.org\/valencia\/wp-content\/uploads\/2021\/10\/inicio.png\" alt=\"\" class=\"wp-image-141\" srcset=\"https:\/\/oicv.org\/valencia\/wp-content\/uploads\/2021\/10\/inicio.png 586w, https:\/\/oicv.org\/valencia\/wp-content\/uploads\/2021\/10\/inicio-278x300.png 278w\" sizes=\"auto, (max-width: 586px) 100vw, 586px\" \/><\/figure>\n<\/div>\n<\/div>\n\n\n\n<p class=\"has-text-align-center boton_apunto\"><a href=\"https:\/\/oicv.org\/valencia\/val\/inscripcio-oicv\/\">INSCRIU-TE<\/a><\/p>\n\n\n\n<p class=\"has-text-align-center boton_apunto d-none\" id=\"boton_apunto\"><\/p>\n\n\n\n<p class=\"has-text-align-center\"><strong>Per a m\u00e9s informaci\u00f3 contacta&#8217;ns en&nbsp;<a href=\"mailto:help.valencia@oicv.org\">help.valencia@oicv.org<\/a><\/strong><\/p>\n\n\n\n<div class=\"wp-block-columns is-layout-flex wp-container-core-columns-is-layout-9d6595d7 wp-block-columns-is-layout-flex\">\n<div class=\"wp-block-column d-none d-md-flex is-layout-flow wp-block-column-is-layout-flow\">\n<figure class=\"wp-block-image size-full img_cont img_home\"><img loading=\"lazy\" decoding=\"async\" width=\"557\" height=\"687\" src=\"https:\/\/oicv.org\/valencia\/wp-content\/uploads\/2021\/10\/salto.png\" alt=\"\" class=\"wp-image-142\" srcset=\"https:\/\/oicv.org\/valencia\/wp-content\/uploads\/2021\/10\/salto.png 557w, https:\/\/oicv.org\/valencia\/wp-content\/uploads\/2021\/10\/salto-243x300.png 243w\" sizes=\"auto, (max-width: 557px) 100vw, 557px\" \/><\/figure>\n<\/div>\n\n\n\n<div class=\"wp-block-column d-flex flex-column justify-content-center is-layout-flow wp-block-column-is-layout-flow\">\n<p>A la web&nbsp;<a rel=\"noreferrer noopener\" href=\"https:\/\/oicv.org\/\" target=\"_blank\">https:\/\/oicv.org<\/a>&nbsp;mantindrem tota la informaci\u00f3 necess\u00e0ria per participar a l&#8217;activitat, que se celebrar\u00e0 el<strong> 24 de gener de 2025<\/strong> en una modalitat de doble seu a la Universitat de Val\u00e8ncia i la Universitat d&#8217;Alacant.  <\/p>\n\n\n\n<p><strong>La persona millor classificada de cada seu representar\u00e0 la Comunitat Valenciana a l&#8217;Olimp\u00edada Inform\u00e0tica d&#8217;Espanya<\/strong> amb subvenci\u00f3 per part de la Universitat i, segons la seva puntuaci\u00f3, podrien participar a l&#8217;Olimp\u00edada Inform\u00e0tica Internacional.<\/p>\n<\/div>\n<\/div>\n","protected":false},"excerpt":{"rendered":"<p>Posa a prova el teu talenten inform\u00e0tica El Cam\u00ed a l&#8217;Olimp\u00edada Internacionald&#8217;Inform\u00e0tica comen\u00e7a ac\u00ed Des de l\u00b4Escola T\u00e8cnica Superior d\u00b4Enginyeria &hellip; <a href=\"https:\/\/oicv.org\/valencia\/val\/\">Continued<\/a><\/p>\n","protected":false},"author":1,"featured_media":0,"parent":0,"menu_order":0,"comment_status":"closed","ping_status":"closed","template":"views\/template-home-elements.blade.php","meta":{"_acf_changed":false,"inline_featured_image":false,"footnotes":""},"class_list":["post-233","page","type-page","status-publish","hentry"],"acf":[],"_links":{"self":[{"href":"https:\/\/oicv.org\/valencia\/val\/wp-json\/wp\/v2\/pages\/233","targetHints":{"allow":["GET"]}}],"collection":[{"href":"https:\/\/oicv.org\/valencia\/val\/wp-json\/wp\/v2\/pages"}],"about":[{"href":"https:\/\/oicv.org\/valencia\/val\/wp-json\/wp\/v2\/types\/page"}],"author":[{"embeddable":true,"href":"https:\/\/oicv.org\/valencia\/val\/wp-json\/wp\/v2\/users\/1"}],"replies":[{"embeddable":true,"href":"https:\/\/oicv.org\/valencia\/val\/wp-json\/wp\/v2\/comments?post=233"}],"version-history":[{"count":37,"href":"https:\/\/oicv.org\/valencia\/val\/wp-json\/wp\/v2\/pages\/233\/revisions"}],"predecessor-version":[{"id":1103,"href":"https:\/\/oicv.org\/valencia\/val\/wp-json\/wp\/v2\/pages\/233\/revisions\/1103"}],"wp:attachment":[{"href":"https:\/\/oicv.org\/valencia\/val\/wp-json\/wp\/v2\/media?parent=233"}],"curies":[{"name":"wp","href":"https:\/\/api.w.org\/{rel}","templated":true}]}}