{"id":243,"date":"2021-09-27T10:43:39","date_gmt":"2021-09-27T10:43:39","guid":{"rendered":"https:\/\/oicv.org\/valencia\/index.php\/preparacion\/"},"modified":"2022-01-31T17:24:00","modified_gmt":"2022-01-31T17:24:00","slug":"preparacion","status":"publish","type":"page","link":"https:\/\/oicv.org\/valencia\/val\/preparacion\/","title":{"rendered":"Preparaci\u00f3"},"content":{"rendered":"\n<div class=\"wp-block-columns is-layout-flex wp-container-core-columns-is-layout-9d6595d7 wp-block-columns-is-layout-flex\">\n<div class=\"wp-block-column is-layout-flow wp-block-column-is-layout-flow\" style=\"flex-basis:50%\">\n<p>El primer pas de preparaci\u00f3 per participar a l&#8217;Olimp\u00edada Inform\u00e0tica \u00e9s aprendre a programar. A l&#8217;OIE s&#8217;admeten tres llenguatges, C++, Java i Python. Recomanem C++ perqu\u00e8 \u00e9s l&#8217;\u00fanic adm\u00e8s a l&#8217;Olimp\u00edada Inform\u00e0tica Internacional. Hi ha nombrosos recursos en l\u00ednia i llibres dedicats a C++, entre els quals aconsellem el manual preparat per l&#8217;OIE. Tot i aix\u00f2, si no has programat mai potser \u00e9s m\u00e9s f\u00e0cil comen\u00e7ar amb Python. Reviseu la nostra secci\u00f3 de  <a href=\"#recursos\">recursos <\/a>per veure manuals d&#8217;ajuda.<\/p>\n\n\n\n<p>L&#8217;Olimp\u00edada Inform\u00e0tica Espanyola ha arribat a un acord amb la prestigiosa escola on line Leagues of Code (LoC) perqu\u00e8 els inscrits a qualsevol de les olimp\u00edades regionals puguin assistir a les classes de LoC gratu\u00eftament (sense pagar els 1500\u20ac que costa a l&#8217;any !). <\/p>\n\n\n\n<p>Les classes comencen el 16 doctubre. Per als inscrits amb posterioritat es definiran noves dates dobertura de grups.<\/p>\n<\/div>\n\n\n\n<div class=\"wp-block-column order_primer is-layout-flow wp-block-column-is-layout-flow\" style=\"flex-basis:50%\">\n<div class=\"wp-block-image img_resp img_cont\"><figure class=\"aligncenter size-full\"><img loading=\"lazy\" decoding=\"async\" width=\"703\" height=\"554\" src=\"https:\/\/oicv.org\/valencia\/wp-content\/uploads\/2021\/10\/entrenando.png\" alt=\"\" class=\"wp-image-138\" srcset=\"https:\/\/oicv.org\/valencia\/wp-content\/uploads\/2021\/10\/entrenando.png 703w, https:\/\/oicv.org\/valencia\/wp-content\/uploads\/2021\/10\/entrenando-300x236.png 300w\" sizes=\"auto, (max-width: 703px) 100vw, 703px\" \/><\/figure><\/div>\n<\/div>\n<\/div>\n\n\n\n<div style=\"height:50px\" aria-hidden=\"true\" class=\"wp-block-spacer d-none d-md-flex\"><\/div>\n\n\n\n<div class=\"wp-block-columns is-layout-flex wp-container-core-columns-is-layout-9d6595d7 wp-block-columns-is-layout-flex\">\n<div class=\"wp-block-column is-layout-flow wp-block-column-is-layout-flow\">\n<div class=\"wp-block-image img_resp img_cont\"><figure class=\"aligncenter size-full\"><img loading=\"lazy\" decoding=\"async\" width=\"703\" height=\"610\" src=\"https:\/\/oicv.org\/valencia\/wp-content\/uploads\/2021\/10\/preparacion_2.png\" alt=\"\" class=\"wp-image-183\" srcset=\"https:\/\/oicv.org\/valencia\/wp-content\/uploads\/2021\/10\/preparacion_2.png 703w, https:\/\/oicv.org\/valencia\/wp-content\/uploads\/2021\/10\/preparacion_2-300x260.png 300w\" sizes=\"auto, (max-width: 703px) 100vw, 703px\" \/><\/figure><\/div>\n<\/div>\n\n\n\n<div class=\"wp-block-column is-layout-flow wp-block-column-is-layout-flow\">\n<h2 class=\"wp-block-heading\" id=\"en-que-consisteixen-les-classes\">En qu\u00e8 consisteixen les classes?<\/h2>\n\n\n\n<ul class=\"wp-block-list\"><li>Classes de 2 hores en l\u00ednia cada cap de setmana, amb deures durant la setmana.<\/li><li>Professors medallistes internacionals.<\/li><li>Cada inscrit \u00e9s afegit a un dels 15 nivells segons els seus coneixements inicials i va canviant de nivell segons la velocitat d&#8217;aprenentatge.<\/li><li>El nivell de les classes varia des de zero fins a nivell ol\u00edmpic internacional.<\/li><li>Les classes seran el dissabte o el diumenge normalment entre les 10.00 i les 14.00, l&#8217;horari concret s&#8217;acordar\u00e0 amb cada grup d&#8217;alumnes. Per a aquells alumnes que no puguin assistir a alguna classe es proporcionaran enregistraments perqu\u00e8 puguin visualitzar-los en diferit i resoldre els exercicis assignats.<\/li><li>Formaci\u00f3 impartida en C++.<\/li><li>Encara que <a rel=\"noreferrer noopener\" href=\"https:\/\/leaguesofcode.com\/\" target=\"_blank\">su web<\/a>&nbsp;est\u00e0 en angl\u00e8s, LoC far\u00e0 les classes en castell\u00e0 espec\u00edficament per als inscrits de l&#8217;Olimp\u00edada.<\/li><li>Inclour\u00e0 altres activitats com ara concursos d&#8217;entrenament individuals i per equips, confer\u00e8ncies de gurus del m\u00f3n de la tecnologia, etc.<\/li><\/ul>\n<\/div>\n<\/div>\n\n\n\n<div style=\"height:60px\" aria-hidden=\"true\" class=\"wp-block-spacer\"><\/div>\n\n\n\n<div class=\"wp-block-image logo_ligas\"><figure class=\"aligncenter size-large is-resized\"><img loading=\"lazy\" decoding=\"async\" src=\"https:\/\/oicv.org\/valencia\/wp-content\/uploads\/2021\/10\/leagues_code.svg\" alt=\"\" class=\"wp-image-168\" width=\"432\" height=\"64\"\/><\/figure><\/div>\n\n\n\n<div style=\"height:60px\" aria-hidden=\"true\" class=\"wp-block-spacer\"><\/div>\n\n\n\n<h2 class=\"tit_leagues wp-block-heading\" id=\"como-participar-en-el-leagues-of-code\">C\u00f3mo participar en el Leagues of Code?<\/h2>\n\n\n\n<div class=\"wp-block-columns cols_leagues is-layout-flex wp-container-core-columns-is-layout-9d6595d7 wp-block-columns-is-layout-flex\">\n<div class=\"wp-block-column is-layout-flow wp-block-column-is-layout-flow\" style=\"flex-basis:50%\">\n<ol class=\"wp-block-list\"><li>Inscriu-te en la&nbsp;<a href=\"https:\/\/2022.olimpiada-informatica.org\/regionales.html\">competici\u00f3 regional<\/a>&nbsp;de la zona on vius o en el&nbsp;<a href=\"https:\/\/olimpiada-informatica.org\/registro\">classificatori obert<\/a>.<\/li><li>Espera les instruccions que t&#8217;arribaran per mail (probablement uns dies despr\u00e9s ja que les processem en blocs; si passat un temps no t&#8217;arriba, posa&#8217;t en contacte amb els organitzadors del regional on t&#8217;has inscrit).<\/li><li>A les instruccions us proporcionarem l&#8217;enlla\u00e7 al formulari de registre de Leagues of Code i el codi promocional que heu d&#8217;utilitzar per no haver d&#8217;abonar els 1500 euros que val la formaci\u00f3.<\/li><\/ol>\n<\/div>\n\n\n\n<div class=\"wp-block-column is-layout-flow wp-block-column-is-layout-flow\" style=\"flex-basis:50%\">\n<p>El El curs de Leagues of Code comen\u00e7ar\u00e0 amb una prova de nivell per ubicar-te al nivell adequat. Durant la prova de nivell i durant el curs se t&#8217;exigir\u00e0 comprom\u00eds amb el curs i una dedicaci\u00f3 raonable, a risc de ser apartat del curs en cas de no demostrar prou inter\u00e8s (et podr\u00e0s reenganxar m\u00e9s endavant per\u00f2 haur\u00e0s de tornar a passar la prova de nivell ). Cal recordar que, encara que aquest curs \u00e9s gratu\u00eft per a tu, el cost real \u00e9s de 1500 euros, per la qual cosa no podem tenir alumnes que no estan disposats a treure rendiment del curs.<\/p>\n\n\n\n<p>Ha de quedar clar que el curs no est\u00e0 adre\u00e7at (\u00fanicament) als aspirants m\u00e9s brillants, sin\u00f3 que est\u00e0 adre\u00e7at a tothom que vulgui aprendre i\/o millorar coneixements de programaci\u00f3 inform\u00e0tica, sense importar els coneixements inicials ni la velocitat d&#8217;aprenentatge: l&#8217;\u00fanica condici\u00f3 \u00e9s lesfor\u00e7.<\/p>\n<\/div>\n<\/div>\n\n\n\n<div style=\"height:100px\" aria-hidden=\"true\" class=\"wp-block-spacer d-none d-md-flex\"><\/div>\n\n\n\n<div class=\"wp-block-columns is-layout-flex wp-container-core-columns-is-layout-9d6595d7 wp-block-columns-is-layout-flex\">\n<div class=\"wp-block-column is-layout-flow wp-block-column-is-layout-flow\" style=\"flex-basis:50%\">\n<h2 class=\"wp-block-heading\" id=\"recursos\">Altres recursos<\/h2>\n\n\n\n<p>Pots utilitzar&nbsp;<a href=\"https:\/\/aprende.olimpiada-informatica.org\/python\">aquest manual de python<\/a>&nbsp; preparat per voluntaris de l&#8217;OIE.<\/p>\n\n\n\n<p>Hay otros muchos recursos tanto en l\u00ednea como en formato f\u00edsico. No dejes de utilizar jueces en l\u00ednea para Hi ha molts altres recursos tant en l\u00ednia com en format f\u00edsic. No deixeu d&#8217;utilitzar jutges en l\u00ednia per enviar i comprovar la validesa de les vostres solucions, revisar els problemes d&#8217;edicions anteriors de l&#8217;Olimp\u00edada, etc.<\/p>\n\n\n\n<p>Los manuales de la OIE incorporan <a href=\"https:\/\/aprende.olimpiada-informatica.org\/recomendaciones\">una bona llista de recursos per aprendre a programar<\/a>. <\/p>\n\n\n\n<p>Una altra font d&#8217;informaci\u00f3 variada i recursos de programaci\u00f3 i algorismes \u00e9s <a href=\"https:\/\/ioinformatics.org\/page\/getting-started\/14\">aquesta p\u00e0gina<\/a> preparada per Olimp\u00edada Inform\u00e0tica Internacional.<\/p>\n\n\n\n<div style=\"height:35px\" aria-hidden=\"true\" class=\"wp-block-spacer\"><\/div>\n\n\n\n<h2 class=\"wp-block-heading\" id=\"exercicis-d-olimpiades-anteriors\">Exercicis d&#8217;Olimp\u00edades anteriors<\/h2>\n\n\n\n<p>Als seg\u00fcents enlla\u00e7os es poden descarregar els exercicis de les anteriors edicions de l&#8217;Olimp\u00edada organitzades per la Universitat d&#8217;Alacant<\/p>\n\n\n\n<ul class=\"col_ejercicios wp-block-list\"><li><a href=\"https:\/\/oicv.org\/valencia\/wp-content\/uploads\/2022\/01\/ejercicios_2022_val.pdf\">Exercicis de la I Olimpiada Inform\u00e1tica de la Comunitat Valenciana<\/a><\/li><li><a rel=\"noreferrer noopener\" href=\"https:\/\/eps.ua.es\/es\/ingenieria-informatica\/documentos\/olimpiada\/iii-olimpiada\/ejercicios-i-olimpiada.pdf\" target=\"_blank\">Exercicis de la I Olimpiada de Inform\u00e0tica de la Universitat d&#8217;Alacant<\/a><\/li><li><a rel=\"noreferrer noopener\" href=\"https:\/\/eps.ua.es\/es\/ingenieria-informatica\/documentos\/olimpiada\/iii-olimpiada\/ejercicios-ii-olimpiada.pdf\" target=\"_blank\">Exercicis de la II Olimpiada de Inform\u00e0tica de la Universitat d&#8217;Alacant<\/a> \u00a0<\/li><li><a rel=\"noreferrer noopener\" href=\"https:\/\/eps.ua.es\/es\/ingenieria-informatica\/documentos\/olimpiada\/vi-olimpiada\/ejercicios-iii-olimpiada-informatica.pdf\" target=\"_blank\">Exercicis de la III Olimpiada de Inform\u00e0tica de la Universitat d&#8217;Alacant\u00a0<\/a><\/li><li><a rel=\"noreferrer noopener\" href=\"https:\/\/eps.ua.es\/es\/ingenieria-informatica\/documentos\/olimpiada\/vi-olimpiada\/problemas-iv-olimpiada-informatica.pdf\" target=\"_blank\">Exercicis de la IV Olimpiada de Inform\u00e0tica de la Universitat d&#8217;Alacant<\/a><\/li><li><a rel=\"noreferrer noopener\" href=\"https:\/\/eps.ua.es\/es\/ingenieria-informatica\/documentos\/olimpiada\/vi-olimpiada\/problemas-v-olimpiada-informatica.pdf\" target=\"_blank\">Exercicis de la V Olimpiada de Inform\u00e0tica de la Universitat de Alicante<\/a><\/li><li><a rel=\"noreferrer noopener\" href=\"https:\/\/eps.ua.es\/es\/ingenieria-informatica\/documentos\/olimpiada\/vi-olimpiada\/ejercicios-vi-olimpiada-informatica.pdf\" target=\"_blank\">Exercicis de la VI Olimpiada de Inform\u00e0tica de la Universitat d&#8217;Alacant<\/a><\/li><\/ul>\n\n\n\n<p><\/p>\n<\/div>\n\n\n\n<div class=\"wp-block-column order_primer is-layout-flow wp-block-column-is-layout-flow\" style=\"flex-basis:50%\">\n<div style=\"height:30px\" aria-hidden=\"true\" class=\"wp-block-spacer d-none d-md-flex\"><\/div>\n\n\n\n<figure class=\"wp-block-image size-full img_resp img_cont align-self-center\"><img loading=\"lazy\" decoding=\"async\" width=\"600\" height=\"500\" src=\"https:\/\/oicv.org\/valencia\/wp-content\/uploads\/2021\/10\/recursos_2.png\" alt=\"\" class=\"wp-image-184\" srcset=\"https:\/\/oicv.org\/valencia\/wp-content\/uploads\/2021\/10\/recursos_2.png 600w, https:\/\/oicv.org\/valencia\/wp-content\/uploads\/2021\/10\/recursos_2-300x250.png 300w\" sizes=\"auto, (max-width: 600px) 100vw, 600px\" \/><\/figure>\n<\/div>\n<\/div>\n\n\n\n<div style=\"height:100px\" aria-hidden=\"true\" class=\"wp-block-spacer\"><\/div>\n","protected":false},"excerpt":{"rendered":"<p>El primer pas de preparaci\u00f3 per participar a l&#8217;Olimp\u00edada Inform\u00e0tica \u00e9s aprendre a programar. A l&#8217;OIE s&#8217;admeten tres llenguatges, C++, &hellip; <a href=\"https:\/\/oicv.org\/valencia\/val\/preparacion\/\">Continued<\/a><\/p>\n","protected":false},"author":1,"featured_media":0,"parent":0,"menu_order":0,"comment_status":"closed","ping_status":"closed","template":"views\/template-basica.blade.php","meta":{"_acf_changed":false,"inline_featured_image":false,"footnotes":""},"class_list":["post-243","page","type-page","status-publish","hentry"],"acf":[],"_links":{"self":[{"href":"https:\/\/oicv.org\/valencia\/val\/wp-json\/wp\/v2\/pages\/243","targetHints":{"allow":["GET"]}}],"collection":[{"href":"https:\/\/oicv.org\/valencia\/val\/wp-json\/wp\/v2\/pages"}],"about":[{"href":"https:\/\/oicv.org\/valencia\/val\/wp-json\/wp\/v2\/types\/page"}],"author":[{"embeddable":true,"href":"https:\/\/oicv.org\/valencia\/val\/wp-json\/wp\/v2\/users\/1"}],"replies":[{"embeddable":true,"href":"https:\/\/oicv.org\/valencia\/val\/wp-json\/wp\/v2\/comments?post=243"}],"version-history":[{"count":4,"href":"https:\/\/oicv.org\/valencia\/val\/wp-json\/wp\/v2\/pages\/243\/revisions"}],"predecessor-version":[{"id":583,"href":"https:\/\/oicv.org\/valencia\/val\/wp-json\/wp\/v2\/pages\/243\/revisions\/583"}],"wp:attachment":[{"href":"https:\/\/oicv.org\/valencia\/val\/wp-json\/wp\/v2\/media?parent=243"}],"curies":[{"name":"wp","href":"https:\/\/api.w.org\/{rel}","templated":true}]}}