{"id":261,"date":"2021-11-25T10:15:16","date_gmt":"2021-11-25T10:15:16","guid":{"rendered":"https:\/\/oicv.org\/valencia\/index.php\/bases\/"},"modified":"2025-11-20T10:45:46","modified_gmt":"2025-11-20T10:45:46","slug":"bases","status":"publish","type":"page","link":"https:\/\/oicv.org\/valencia\/val\/bases\/","title":{"rendered":"Bases"},"content":{"rendered":"\n<p>Accedeix les bases de la fase local de Val\u00e8ncia de l\u2019Olimp\u00edada Inform\u00e0tica de la Comunitat Valenciana que tindr\u00e0 lloc el <strong>23 de gener de 2026<\/strong> a l\u2019Escola T\u00e8cnica Superior d\u2019Enginyer\u00eda de la Universitat de Val\u00e8ncia.<\/p>\n\n\n\n<p class=\"enlace_destacado\"><a href=\"https:\/\/www.uv.es\/uvweb\/delegacio-incorporacio-UV\/ca\/cooperacio-secundaria\/olimpiades\/informatica-1286217768028.html\" target=\"_blank\" rel=\"noreferrer noopener\">Accedeix a les bases<\/a><\/p>\n\n\n\n<div style=\"height:20px\" aria-hidden=\"true\" class=\"wp-block-spacer\"><\/div>\n\n\n\n<h3 class=\"wp-block-heading\">Participants i Beneficiaris:<\/h3>\n\n\n\n<p>Pot participar en aquesta convocat\u00f2ria l\u2019alumnat de secund\u00e0ria, cicles formatius de grau mitj\u00e0 i batxillerat, de centres d\u2019ensenyament p\u00fablics i privats de la Comunitat Valenciana.<\/p>\n\n\n\n<div style=\"height:20px\" aria-hidden=\"true\" class=\"wp-block-spacer\"><\/div>\n\n\n\n<h3 class=\"wp-block-heading\">Inscripci\u00f3:<\/h3>\n\n\n\n<p>Finalitzar\u00e0 el 20 de desembre de 2024<\/p>\n\n\n\n<div style=\"height:20px\" aria-hidden=\"true\" class=\"wp-block-spacer\"><\/div>\n\n\n\n<h3 class=\"wp-block-heading\">Les proves de selecci\u00f3:<\/h3>\n\n\n\n<p>Les persones inscrites en l\u2019Olimp\u00edada Inform\u00e0tica de la Comunitat Valenciana resoldran de manera individual problemes de programaci\u00f3 utilitzant algun dels llenguatges permesos: C++, Java o Python. Posaran a prova les seues habilitats en l\u2019an\u00e0lisi de problemes, disseny d\u2019algorismes, estructures de dades i programaci\u00f3.<\/p>\n\n\n\n<div style=\"height:20px\" aria-hidden=\"true\" class=\"wp-block-spacer\"><\/div>\n\n\n\n<h3 class=\"wp-block-heading\">Guanyadores i Guanyadors:<\/h3>\n\n\n\n<p>La persona millor classificada de cada seu representar\u00e0 la Comunitat Valenciana a l&#8217;Olimp\u00edada Inform\u00e0tica d&#8217;Espanya i, segons la seva puntuaci\u00f3, podr\u00e0 participar a l&#8217;Olimp\u00edada Inform\u00e0tica Internacional.<\/p>\n\n\n\n<p>El resultat es far\u00e0 p\u00fablic en el tauler d\u2019anuncis de la Universitat de Val\u00e8ncia, en la p\u00e0gina web de la <a rel=\"noreferrer noopener\" href=\"http:\/\/www.uv.es\/incorporaciouv\" target=\"_blank\">Delegaci\u00f3 per a la Incorporaci\u00f3 a la Universitat<\/a> i en la p\u00e0gina web de <a href=\"https:\/\/oicv.org\/valencia\/val\/index.php\/bases\/\" data-type=\"page\" data-id=\"261\">l\u2019Olimp\u00edada inform\u00e0tica de la Comunitat Valenciana<\/a>.<\/p>\n\n\n\n<div style=\"height:20px\" aria-hidden=\"true\" class=\"wp-block-spacer\"><\/div>\n\n\n\n<h3 class=\"wp-block-heading\">Ajudes a l&#8217;estudi per a l&#8217;alumnat guanyador:<\/h3>\n\n\n\n<p>L\u2019alumnat que resulte guanyador en la fase local de Val\u00e8ncia de l\u2019Olimp\u00edada Inform\u00e0tica de la Comunitat Valenciana podr\u00e0 rebre una ajuda a l\u2019estudi, dotada amb 1000\u20ac cadascun, que es podr\u00e0 fer efectiva en els dos cursos seg\u00fcents, mitjan\u00e7ant transfer\u00e8ncia banc\u00e0ria en finalitzar el per\u00edode de matr\u00edcula, una vegada comprovat que la persona guanyadora s\u2019ha matriculat en el primer curs d\u2019una titulaci\u00f3 de grau d\u2019un centre propi de la Universitat de Val\u00e8ncia.<\/p>\n","protected":false},"excerpt":{"rendered":"<p>Accedeix les bases de la fase local de Val\u00e8ncia de l\u2019Olimp\u00edada Inform\u00e0tica de la Comunitat Valenciana que tindr\u00e0 lloc el &hellip; <a href=\"https:\/\/oicv.org\/valencia\/val\/bases\/\">Continued<\/a><\/p>\n","protected":false},"author":1,"featured_media":275,"parent":0,"menu_order":0,"comment_status":"closed","ping_status":"closed","template":"views\/template-basica_img_izq.blade.php","meta":{"_acf_changed":false,"inline_featured_image":false,"footnotes":""},"class_list":["post-261","page","type-page","status-publish","has-post-thumbnail","hentry"],"acf":[],"_links":{"self":[{"href":"https:\/\/oicv.org\/valencia\/val\/wp-json\/wp\/v2\/pages\/261","targetHints":{"allow":["GET"]}}],"collection":[{"href":"https:\/\/oicv.org\/valencia\/val\/wp-json\/wp\/v2\/pages"}],"about":[{"href":"https:\/\/oicv.org\/valencia\/val\/wp-json\/wp\/v2\/types\/page"}],"author":[{"embeddable":true,"href":"https:\/\/oicv.org\/valencia\/val\/wp-json\/wp\/v2\/users\/1"}],"replies":[{"embeddable":true,"href":"https:\/\/oicv.org\/valencia\/val\/wp-json\/wp\/v2\/comments?post=261"}],"version-history":[{"count":20,"href":"https:\/\/oicv.org\/valencia\/val\/wp-json\/wp\/v2\/pages\/261\/revisions"}],"predecessor-version":[{"id":1124,"href":"https:\/\/oicv.org\/valencia\/val\/wp-json\/wp\/v2\/pages\/261\/revisions\/1124"}],"wp:featuredmedia":[{"embeddable":true,"href":"https:\/\/oicv.org\/valencia\/val\/wp-json\/wp\/v2\/media\/275"}],"wp:attachment":[{"href":"https:\/\/oicv.org\/valencia\/val\/wp-json\/wp\/v2\/media?parent=261"}],"curies":[{"name":"wp","href":"https:\/\/api.w.org\/{rel}","templated":true}]}}