{"id":298,"date":"2022-01-12T20:07:16","date_gmt":"2022-01-12T20:07:16","guid":{"rendered":"https:\/\/oicv.org\/valencia\/programa\/"},"modified":"2025-09-23T07:11:25","modified_gmt":"2025-09-23T07:11:25","slug":"programa","status":"publish","type":"page","link":"https:\/\/oicv.org\/valencia\/val\/programa\/","title":{"rendered":"Programa"},"content":{"rendered":"\n<div class=\"wp-block-group container_help is-layout-flow wp-block-group-is-layout-flow\">\n<div class=\"wp-block-columns d-flex flex-wrap justify-content-center w-100 is-layout-flex wp-container-core-columns-is-layout-9d6595d7 wp-block-columns-is-layout-flex\">\n<div class=\"wp-block-column col-12 col-md-4 is-layout-flow wp-block-column-is-layout-flow\">\n<figure class=\"wp-block-image size-full is-resized img_resp\"><img loading=\"lazy\" decoding=\"async\" width=\"586\" height=\"633\" src=\"https:\/\/oicv.org\/valencia\/wp-content\/uploads\/2021\/10\/inicio.png\" alt=\"\" class=\"wp-image-141\" style=\"width:293px;height:317px\" srcset=\"https:\/\/oicv.org\/valencia\/wp-content\/uploads\/2021\/10\/inicio.png 586w, https:\/\/oicv.org\/valencia\/wp-content\/uploads\/2021\/10\/inicio-278x300.png 278w\" sizes=\"auto, (max-width: 586px) 100vw, 586px\" \/><\/figure>\n<\/div>\n\n\n\n<div class=\"wp-block-column col-12 col-md-8 col-lg-6 is-layout-flow wp-block-column-is-layout-flow\">\n<p class=\"cont_xxl\">El dia de la prova, si ets menor d&#8217;edat, haur\u00e0s de portar el <a href=\"https:\/\/oicv.org\/valencia\/wp-content\/uploads\/2024\/01\/autoritzacio_val.pdf\" target=\"_blank\" rel=\"noreferrer noopener\">document<\/a><a rel=\"noreferrer noopener\" href=\"https:\/\/oicv.org\/valencia\/wp-content\/uploads\/2024\/01\/autoritzacio_val.pdf\" target=\"_blank\"> <\/a><a href=\"https:\/\/oicv.org\/valencia\/wp-content\/uploads\/2025\/01\/autoritzacio_cas-1.pdf\" target=\"_blank\" rel=\"noreferrer noopener\">d&#8217;autoritzaci\u00f3<\/a> de pare, mare o tutor\/a legal emplenat i signat.<\/p>\n\n\n\n<p class=\"cont_xxl\">Per a la realitzaci\u00f3 de les proves t&#8217;has de presentar a les instal\u00b7lacions de l&#8217;Escola T\u00e8cnica Superior d&#8217;Enginyeria de la Universitat de Val\u00e8ncia (ETSE-UV),<strong> el dia 23 de gener de 2026 a les 8:30<\/strong> convenientment identificat (DNI o pasaport) i amb el document d&#8217;autoritzaci\u00f3 . En arribar farem una xerrada explicativa sobre el desenvolupament de la prova, que tindr\u00e0 una durada de 3 hores i finalitzar\u00e0 amb la resoluci\u00f3 dels guanyadors sobre les 14:00h.<\/p>\n\n\n\n<p class=\"cont_xxl\"><a rel=\"noreferrer noopener\" href=\"https:\/\/www.uv.es\/uvweb\/ingenieria\/es\/escuela\/situacion-contacto\/ubicacion-1285848758157.html\" target=\"_blank\">Ubicaci\u00f3 i acc\u00e9s a l&#8217;ETSE-UV (Campus de Burjassot &#8211; Paterna)<\/a><\/p>\n<\/div>\n<\/div>\n<\/div>\n\n\n\n<div style=\"height:50px\" aria-hidden=\"true\" class=\"wp-block-spacer\"><\/div>\n\n\n\n<div class=\"wp-block-columns columns_tabla is-layout-flex wp-container-core-columns-is-layout-9d6595d7 wp-block-columns-is-layout-flex\">\n<div class=\"wp-block-column is-layout-flow wp-block-column-is-layout-flow\" style=\"flex-basis:25%\"><\/div>\n\n\n\n<div class=\"wp-block-column is-layout-flow wp-block-column-is-layout-flow\" style=\"flex-basis:50%\">\n<h4 class=\"wp-block-heading has-text-align-center\">La planificaci\u00f3 del dia ser\u00e0 la seg\u00fcent<\/h4>\n\n\n\n<figure class=\"wp-block-table tabla_programa\"><table><tbody><tr><td>8:30 &#8211; 9:30<\/td><td>Recepci\u00f3 a l&#8217;entrada de la ETSE-UV: Lliurament de material i instruccions<\/td><\/tr><tr><td>9:30 &#8211; 10:00<\/td><td>Descans previ a l&#8217;inici de la prova<\/td><\/tr><tr><td>10:00 &#8211; 13:00<\/td><td>Olimp\u00edada<\/td><\/tr><tr><td>13:00 &#8211; 13:30<\/td><td>Descans i deliberaci\u00f3 del jurat<\/td><\/tr><tr><td>13:30 &#8211; 14:00<\/td><td>Comunicaci\u00f3 de guanyadors i guanyadores amb entrega de premis<\/td><\/tr><\/tbody><\/table><\/figure>\n<\/div>\n\n\n\n<div class=\"wp-block-column is-layout-flow wp-block-column-is-layout-flow\" style=\"flex-basis:25%\"><\/div>\n<\/div>\n\n\n\n<div class=\"wp-block-group bloque_programa is-layout-flow wp-block-group-is-layout-flow\">\n<div class=\"wp-block-columns container_help d-flex flex-wrap justify-content-center is-layout-flex wp-container-core-columns-is-layout-9d6595d7 wp-block-columns-is-layout-flex\">\n<div class=\"wp-block-column cont_xxl col-lg-5 is-layout-flow wp-block-column-is-layout-flow\" style=\"flex-basis:50%\">\n<p>Els alumnes podran menjar alguna cosa als descansos, per\u00f2 no durant la prova, on estaran 3 hores incomunicats a les sales d&#8217;ordinadors.<\/p>\n\n\n\n<p>La prova consta de <strong>cuatre o cinc exercicis<\/strong> que estaran disponibles des del principi de la prova i cada participant organitzar\u00e0 el seu temps lliurement.<\/p>\n<\/div>\n\n\n\n<div class=\"wp-block-column cont_xxl col-lg-5 is-layout-flow wp-block-column-is-layout-flow\" style=\"flex-basis:66.66%\">\n<p>Per als professors\/acompanyants hi haur\u00e0 un espai habilitat i tamb\u00e9 estar\u00e0 disponible la cafeteria i terrassa de l&#8217;ETSE-UV.<\/p>\n\n\n\n<p>Si tens algun dubte o consulta addicional, per favor posa&#8217;t en contacte amb <a href=\"mailto:help.valencia@oicv.org\" target=\"_blank\" rel=\"noreferrer noopener\">help.valencia@oicv.org<\/a><\/p>\n<\/div>\n<\/div>\n\n\n\n<div style=\"height:50px\" aria-hidden=\"true\" class=\"wp-block-spacer\"><\/div>\n<\/div>\n\n\n\n<div style=\"height:40px\" aria-hidden=\"true\" class=\"wp-block-spacer\"><\/div>\n","protected":false},"excerpt":{"rendered":"<p>El dia de la prova, si ets menor d&#8217;edat, haur\u00e0s de portar el document d&#8217;autoritzaci\u00f3 de pare, mare o tutor\/a &hellip; <a href=\"https:\/\/oicv.org\/valencia\/val\/programa\/\">Continued<\/a><\/p>\n","protected":false},"author":1,"featured_media":0,"parent":0,"menu_order":0,"comment_status":"closed","ping_status":"closed","template":"views\/template-programa.blade.php","meta":{"_acf_changed":false,"inline_featured_image":false,"footnotes":""},"class_list":["post-298","page","type-page","status-publish","hentry"],"acf":[],"_links":{"self":[{"href":"https:\/\/oicv.org\/valencia\/val\/wp-json\/wp\/v2\/pages\/298","targetHints":{"allow":["GET"]}}],"collection":[{"href":"https:\/\/oicv.org\/valencia\/val\/wp-json\/wp\/v2\/pages"}],"about":[{"href":"https:\/\/oicv.org\/valencia\/val\/wp-json\/wp\/v2\/types\/page"}],"author":[{"embeddable":true,"href":"https:\/\/oicv.org\/valencia\/val\/wp-json\/wp\/v2\/users\/1"}],"replies":[{"embeddable":true,"href":"https:\/\/oicv.org\/valencia\/val\/wp-json\/wp\/v2\/comments?post=298"}],"version-history":[{"count":15,"href":"https:\/\/oicv.org\/valencia\/val\/wp-json\/wp\/v2\/pages\/298\/revisions"}],"predecessor-version":[{"id":1105,"href":"https:\/\/oicv.org\/valencia\/val\/wp-json\/wp\/v2\/pages\/298\/revisions\/1105"}],"wp:attachment":[{"href":"https:\/\/oicv.org\/valencia\/val\/wp-json\/wp\/v2\/media?parent=298"}],"curies":[{"name":"wp","href":"https:\/\/api.w.org\/{rel}","templated":true}]}}