{"id":309,"date":"2022-01-12T20:14:43","date_gmt":"2022-01-12T20:14:43","guid":{"rendered":"https:\/\/oicv.org\/valencia\/f-a-q\/"},"modified":"2022-10-11T08:25:23","modified_gmt":"2022-10-11T08:25:23","slug":"f-a-q","status":"publish","type":"page","link":"https:\/\/oicv.org\/valencia\/val\/f-a-q\/","title":{"rendered":"F.A.Q"},"content":{"rendered":"\n<h4 class=\"wp-block-heading\">Com m&#8217;identifique per a les proves?<\/h4>\n\n\n\n<p>Amb DNI, passaport o document similar on aparega la teua foto.<\/p>\n\n\n\n<h4 class=\"wp-block-heading\">He de portar el meu propi ordinador?<\/h4>\n\n\n\n<p>No, la universitat et proporcionar\u00e0 un ordinador, on estar\u00e0 instal\u00b7lat tot el necessari i tindr\u00e0s acc\u00e9s al jutge.<\/p>\n\n\n\n<h4 class=\"wp-block-heading\">Tindr\u00e9 acc\u00e9s a Internet?<\/h4>\n\n\n\n<p>No, els ordinadors no tindran activat l&#8217;acc\u00e9s a internet ni podr\u00e0s fer \u00fas de dispositius per connectar-te.<\/p>\n\n\n\n<h4 class=\"wp-block-heading\">Tindr\u00e9 el meu tel\u00e8fon m\u00f2bil durant la prova?<\/h4>\n\n\n\n<p>No es permet l&#8217;\u00fas de tel\u00e8fon m\u00f2bil ni cap altre dispositiu electr\u00f2nic addicional durant la prova.<\/p>\n\n\n\n<h4 class=\"wp-block-heading\">Quant dura la prova?<\/h4>\n\n\n\n<p>La prova dura 3 hores. Et recomanem que per aprofitar-les al m\u00e0xim abans entres al servidor de proves i practiques amb els exercicis que s&#8217;hi proposen. Fes una ullada a la secci\u00f3 entrena: <a href=\"https:\/\/oicv.org\/valencia\/val\/entrena\/\">https:\/\/oicv.org\/valencia\/val\/entrena\/<\/a><\/p>\n\n\n\n<h4 class=\"wp-block-heading\">Quin programari podr\u00e9 fer servir?<\/h4>\n\n\n\n<p>Tindr\u00e0s a l&#8217;ordinador de la universitat instal\u00b7lat el software que s&#8217;indica al tutorial del <a href=\"https:\/\/links.uv.es\/u2MEkEI\" data-type=\"URL\" data-id=\"https:\/\/links.uv.es\/u2MEkEI\">jutge<\/a>  i podr\u00e0s compilar en local mentre desenvolupes l&#8217;exercici abans de pujar el resultat al jutge.<\/p>\n\n\n\n<h4 class=\"wp-block-heading\">Puc practicar abans de la prova?<\/h4>\n\n\n\n<p>S\u00ed, et recomanem que entres al jutge i proves a resoldre els exercicis d&#8217;exemple que s&#8217;hi plantegen. Estar\u00e0 disponible fins uns dies abans de la prova. Fes una ullada a l&#8217;explicaci\u00f3 a: <a href=\"https:\/\/oicv.org\/valencia\/programa\">https:\/\/oicv.org\/valencia\/<\/a><a href=\"https:\/\/oicv.org\/valencia\/val\/programa-2023\/\" data-type=\"page\" data-id=\"595\">programa<\/a>\/<\/p>\n\n\n\n<h4 class=\"wp-block-heading\">Quantes voltes puc pujar els resultats del jutge?<\/h4>\n\n\n\n<p>Es poden enviar m\u00faltiples vegades els resultats d&#8217;un exercici per augmentar la puntuaci\u00f3.<\/p>\n\n\n\n<h4 class=\"wp-block-heading\">Puc fer us d&#8217;apunts durant la prova?<\/h4>\n\n\n\n<p>No, no pots utilitzar materials de cap tipus.<\/p>\n","protected":false},"excerpt":{"rendered":"<p>Com m&#8217;identifique per a les proves? Amb DNI, passaport o document similar on aparega la teua foto. He de portar &hellip; <a href=\"https:\/\/oicv.org\/valencia\/val\/f-a-q\/\">Continued<\/a><\/p>\n","protected":false},"author":1,"featured_media":307,"parent":0,"menu_order":0,"comment_status":"closed","ping_status":"closed","template":"views\/template-faqs.blade.php","meta":{"_acf_changed":false,"inline_featured_image":false,"footnotes":""},"class_list":["post-309","page","type-page","status-publish","has-post-thumbnail","hentry"],"acf":[],"_links":{"self":[{"href":"https:\/\/oicv.org\/valencia\/val\/wp-json\/wp\/v2\/pages\/309","targetHints":{"allow":["GET"]}}],"collection":[{"href":"https:\/\/oicv.org\/valencia\/val\/wp-json\/wp\/v2\/pages"}],"about":[{"href":"https:\/\/oicv.org\/valencia\/val\/wp-json\/wp\/v2\/types\/page"}],"author":[{"embeddable":true,"href":"https:\/\/oicv.org\/valencia\/val\/wp-json\/wp\/v2\/users\/1"}],"replies":[{"embeddable":true,"href":"https:\/\/oicv.org\/valencia\/val\/wp-json\/wp\/v2\/comments?post=309"}],"version-history":[{"count":7,"href":"https:\/\/oicv.org\/valencia\/val\/wp-json\/wp\/v2\/pages\/309\/revisions"}],"predecessor-version":[{"id":651,"href":"https:\/\/oicv.org\/valencia\/val\/wp-json\/wp\/v2\/pages\/309\/revisions\/651"}],"wp:featuredmedia":[{"embeddable":true,"href":"https:\/\/oicv.org\/valencia\/val\/wp-json\/wp\/v2\/media\/307"}],"wp:attachment":[{"href":"https:\/\/oicv.org\/valencia\/val\/wp-json\/wp\/v2\/media?parent=309"}],"curies":[{"name":"wp","href":"https:\/\/api.w.org\/{rel}","templated":true}]}}