{"id":568,"date":"2022-09-16T09:28:07","date_gmt":"2022-09-16T09:28:07","guid":{"rendered":"https:\/\/oicv.org\/valencia\/entrena\/"},"modified":"2024-10-11T09:21:14","modified_gmt":"2024-10-11T09:21:14","slug":"entrena","status":"publish","type":"page","link":"https:\/\/oicv.org\/valencia\/val\/entrena\/","title":{"rendered":"Entrena"},"content":{"rendered":"\n<div class=\"wp-block-columns is-layout-flex wp-container-core-columns-is-layout-9d6595d7 wp-block-columns-is-layout-flex\">\n<div class=\"wp-block-column is-layout-flow wp-block-column-is-layout-flow\" style=\"flex-basis:50%\">\n<p>Per entrenar fins al dia l&#8217;olimp\u00edada tens disponible el mateix sistema online de lliurament de problemes que s&#8217;utilitzar\u00e0 el dia de l&#8217;olimp\u00edada (l&#8217;anomenat \u201cjutge\u201d) i uns exercicis de prova. Aquest sistema ser\u00e0 lencarregat de valorar les solucions presentades pels participants i establir el r\u00e0nquing de guanyadors i guanyadores el dia de la prova.<\/p>\n\n\n\n<p>Aqu\u00ed trobaras <a rel=\"noreferrer noopener\" href=\"https:\/\/links.uv.es\/u2MEkEI\" target=\"_blank\">instruccions sobre l&#8217;\u00fas del jutge<\/a> i sobre els programes disponibles el dia de la prova en aquesta p\u00e0gina.<\/p>\n\n\n\n<p>Per accedir al jutge durant la fase de proves necessitar\u00e0s un usuari i contrasenya que se&#8217;t proporcionar\u00e0 quan <a href=\"https:\/\/oicv.org\/valencia\/val\/inscripcio-oicv\/\" data-type=\"page\" data-id=\"736\">t&#8217;inscriguis a l&#8217;olimp\u00edada<\/a>.<\/p>\n\n\n\n<p>L&#8217;acc\u00e9s al jutge es realitza a trav\u00e9s de la seg\u00fcent adre\u00e7a:<\/p>\n\n\n\n<p class=\"has-text-align-center boton_apunto\" id=\"boton_apunto\"><a href=\"https:\/\/etseoicv.uv.es\/\">Jutge<\/a><\/p>\n<\/div>\n\n\n\n<div class=\"wp-block-column is-layout-flow wp-block-column-is-layout-flow\" style=\"flex-basis:50%\">\n<figure class=\"wp-block-image size-full img_cont\"><img loading=\"lazy\" decoding=\"async\" width=\"472\" height=\"609\" src=\"https:\/\/oicv.org\/valencia\/wp-content\/uploads\/2021\/10\/quien_puede.png\" alt=\"\" class=\"wp-image-136\" srcset=\"https:\/\/oicv.org\/valencia\/wp-content\/uploads\/2021\/10\/quien_puede.png 472w, https:\/\/oicv.org\/valencia\/wp-content\/uploads\/2021\/10\/quien_puede-233x300.png 233w\" sizes=\"auto, (max-width: 472px) 100vw, 472px\" \/><\/figure>\n<\/div>\n<\/div>\n","protected":false},"excerpt":{"rendered":"<p>Per entrenar fins al dia l&#8217;olimp\u00edada tens disponible el mateix sistema online de lliurament de problemes que s&#8217;utilitzar\u00e0 el dia &hellip; <a href=\"https:\/\/oicv.org\/valencia\/val\/entrena\/\">Continued<\/a><\/p>\n","protected":false},"author":1,"featured_media":0,"parent":0,"menu_order":0,"comment_status":"closed","ping_status":"closed","template":"views\/template-basica.blade.php","meta":{"_acf_changed":false,"inline_featured_image":false,"footnotes":""},"class_list":["post-568","page","type-page","status-publish","hentry"],"acf":[],"_links":{"self":[{"href":"https:\/\/oicv.org\/valencia\/val\/wp-json\/wp\/v2\/pages\/568","targetHints":{"allow":["GET"]}}],"collection":[{"href":"https:\/\/oicv.org\/valencia\/val\/wp-json\/wp\/v2\/pages"}],"about":[{"href":"https:\/\/oicv.org\/valencia\/val\/wp-json\/wp\/v2\/types\/page"}],"author":[{"embeddable":true,"href":"https:\/\/oicv.org\/valencia\/val\/wp-json\/wp\/v2\/users\/1"}],"replies":[{"embeddable":true,"href":"https:\/\/oicv.org\/valencia\/val\/wp-json\/wp\/v2\/comments?post=568"}],"version-history":[{"count":24,"href":"https:\/\/oicv.org\/valencia\/val\/wp-json\/wp\/v2\/pages\/568\/revisions"}],"predecessor-version":[{"id":987,"href":"https:\/\/oicv.org\/valencia\/val\/wp-json\/wp\/v2\/pages\/568\/revisions\/987"}],"wp:attachment":[{"href":"https:\/\/oicv.org\/valencia\/val\/wp-json\/wp\/v2\/media?parent=568"}],"curies":[{"name":"wp","href":"https:\/\/api.w.org\/{rel}","templated":true}]}}