{"id":736,"date":"2023-01-04T18:42:09","date_gmt":"2023-01-04T18:42:09","guid":{"rendered":"https:\/\/oicv.org\/valencia\/inscripcion-cerrada\/"},"modified":"2025-09-23T12:14:37","modified_gmt":"2025-09-23T12:14:37","slug":"inscripcio-oicv","status":"publish","type":"page","link":"https:\/\/oicv.org\/valencia\/val\/inscripcio-oicv\/","title":{"rendered":"Inscripci\u00f3 2026"},"content":{"rendered":"\n<div class=\"wp-block-columns is-layout-flex wp-container-core-columns-is-layout-9d6595d7 wp-block-columns-is-layout-flex\">\n<div class=\"wp-block-column is-layout-flow wp-block-column-is-layout-flow\" style=\"flex-basis:50%\">\n<p>La preinscripci\u00f3 de l&#8217;olimp\u00edada de 2025 la inscripci\u00f3 comen\u00e7ar\u00e0 el 25 de setembre i es podr\u00e0 fer fins al 20 de desembre de 2025.<\/p>\n\n\n\n<p>Quan us inscriviu se us proporcionar\u00e0 un usuari per accedir al jutge en proves per practicar amb exercicis d&#8217;edicions anteriors.<\/p>\n\n\n\n<p>Important: per evitar problemes d&#8217;aforament el nombre de participants m\u00e0xim \u00e9s de 120 a cadascuna de les seus. Entre els participants preinscrits s&#8217;establir\u00e0 un r\u00e0nquing dels 120 millors classificats de la manera seg\u00fcent::<\/p>\n\n\n\n<ol class=\"wp-block-list\">\n<li>S&#8217;ordenaran els participants segons la puntuaci\u00f3 que obtinguin als exercicis del jutge en proves, amb data l\u00edmit fins al 20 de desembre de 2025 a les 15:00.<\/li>\n\n\n\n<li>Si amb aix\u00f2 no es cobr\u00eds la quota de 120 persones es completar\u00e0 segons l&#8217;ordre d&#8217;inscripci\u00f3 al formulari<\/li>\n<\/ol>\n\n\n\n<p>Una volta tancat el termini d&#8217;inscripci\u00f3 es comunicar\u00e0 per correu electr\u00f2nic a les persones seleccionades per participar a l&#8217;olimp\u00edada del 2026.<\/p>\n\n\n\n<p><\/p>\n\n\n\n<p class=\"has-text-align-center boton_apunto\"><a href=\"https:\/\/enquestes.uv.es\/index.php\/579279?lang=es\" data-type=\"link\" data-id=\"https:\/\/enquestes.uv.es\/index.php\/579279?lang=es\" target=\"_blank\" rel=\"noreferrer noopener\">INSCRIPCI\u00d3 2026<\/a><\/p>\n\n\n\n<p>Pel professorat que ho desitgi aquest any com a novetat hem habilitat un acc\u00e9s al jutge que us permetr\u00e0 ajudar els participants.<\/p>\n\n\n\n<p class=\"has-text-align-center\"><a href=\"https:\/\/enquestes.uv.es\/index.php\/359477?lang=es\" data-type=\"link\" data-id=\"https:\/\/enquestes.uv.es\/index.php\/359477?lang=es\">ACC\u00c9S AL JUGE PER AL PROFESSORAT<\/a><\/p>\n\n\n\n<p>.<\/p>\n<\/div>\n\n\n\n<div class=\"wp-block-column is-layout-flow wp-block-column-is-layout-flow\" style=\"flex-basis:50%\">\n<figure class=\"wp-block-image size-full img_cont\"><img loading=\"lazy\" decoding=\"async\" width=\"472\" height=\"609\" src=\"https:\/\/oicv.org\/valencia\/wp-content\/uploads\/2021\/10\/quien_puede.png\" alt=\"\" class=\"wp-image-136\" srcset=\"https:\/\/oicv.org\/valencia\/wp-content\/uploads\/2021\/10\/quien_puede.png 472w, https:\/\/oicv.org\/valencia\/wp-content\/uploads\/2021\/10\/quien_puede-233x300.png 233w\" sizes=\"auto, (max-width: 472px) 100vw, 472px\" \/><\/figure>\n<\/div>\n<\/div>\n","protected":false},"excerpt":{"rendered":"<p>La preinscripci\u00f3 de l&#8217;olimp\u00edada de 2025 la inscripci\u00f3 comen\u00e7ar\u00e0 el 25 de setembre i es podr\u00e0 fer fins al 20 &hellip; <a href=\"https:\/\/oicv.org\/valencia\/val\/inscripcio-oicv\/\">Continued<\/a><\/p>\n","protected":false},"author":1,"featured_media":225,"parent":0,"menu_order":0,"comment_status":"closed","ping_status":"closed","template":"views\/template-basica.blade.php","meta":{"_acf_changed":false,"inline_featured_image":false,"footnotes":""},"class_list":["post-736","page","type-page","status-publish","has-post-thumbnail","hentry"],"acf":[],"_links":{"self":[{"href":"https:\/\/oicv.org\/valencia\/val\/wp-json\/wp\/v2\/pages\/736","targetHints":{"allow":["GET"]}}],"collection":[{"href":"https:\/\/oicv.org\/valencia\/val\/wp-json\/wp\/v2\/pages"}],"about":[{"href":"https:\/\/oicv.org\/valencia\/val\/wp-json\/wp\/v2\/types\/page"}],"author":[{"embeddable":true,"href":"https:\/\/oicv.org\/valencia\/val\/wp-json\/wp\/v2\/users\/1"}],"replies":[{"embeddable":true,"href":"https:\/\/oicv.org\/valencia\/val\/wp-json\/wp\/v2\/comments?post=736"}],"version-history":[{"count":16,"href":"https:\/\/oicv.org\/valencia\/val\/wp-json\/wp\/v2\/pages\/736\/revisions"}],"predecessor-version":[{"id":1112,"href":"https:\/\/oicv.org\/valencia\/val\/wp-json\/wp\/v2\/pages\/736\/revisions\/1112"}],"wp:featuredmedia":[{"embeddable":true,"href":"https:\/\/oicv.org\/valencia\/val\/wp-json\/wp\/v2\/media\/225"}],"wp:attachment":[{"href":"https:\/\/oicv.org\/valencia\/val\/wp-json\/wp\/v2\/media?parent=736"}],"curies":[{"name":"wp","href":"https:\/\/api.w.org\/{rel}","templated":true}]}}