{"id":130,"date":"2021-10-04T16:13:47","date_gmt":"2021-10-04T16:13:47","guid":{"rendered":"http:\/\/localhost\/olimpiadas_valencia\/?page_id=130"},"modified":"2021-10-11T15:29:33","modified_gmt":"2021-10-11T15:29:33","slug":"politica-de-cookies","status":"publish","type":"page","link":"https:\/\/oicv.org\/valencia\/politica-de-cookies\/","title":{"rendered":"Pol\u00edtica de cookies"},"content":{"rendered":"\n<p>La web  oicv.org\/valencia  emplea cookies en sus sitios Web. Las cookies facilitan la navegaci\u00f3n, y en muchos casos son imprescindibles para que est\u00e9n disponibles algunos servicios ofrecidos por el portal.<\/p>\n\n\n\n<h4 class=\"wp-block-heading\">\u00bfQu\u00e9 son las cookies?<\/h4>\n\n\n\n<p>Las cookies son peque\u00f1os archivos de datos que se reciben en el terminal desde el sitio Web visitado y se usan para registrar ciertas interacciones de la navegaci\u00f3n. Estos archivos se almacenan en el ordenador del usuario y contienen datos an\u00f3nimos que pueden ser actualizados y recuperados en el futuro y no son perjudiciales para el equipo. Se utilizan para recordar las preferencias del usuario como es el caso del idioma seleccionado, datos de acceso o personalizaci\u00f3n de la p\u00e1gina.<\/p>\n\n\n\n<p>Las cookies tambi\u00e9n pueden ser empleadas para recopilar informaci\u00f3n an\u00f3nima acerca de c\u00f3mo un visitante navega por un sitio Web. Por ejemplo, desde qu\u00e9 p\u00e1gina Web ha accedido, o si ha utilizado un banner publicitario para llegar.<\/p>\n\n\n\n<h4 class=\"wp-block-heading\">\u00bfPor qu\u00e9 oicv.org\/valencia utiliza cookies?<\/h4>\n\n\n\n<p>La web  oicv.org\/valencia  utiliza las cookies estrictamente necesarias para que el usuario, al navegar por el sitio Web, pueda moverse libremente, acceder a \u00e1reas seguras, opciones personalizadas, etc.<\/p>\n\n\n\n<p>Adem\u00e1s, en las p\u00e1ginas principales se utilizan cookies de terceros con una finalidad anal\u00edtica: permiten cuantificar el n\u00famero de usuarios y as\u00ed realizar la medici\u00f3n y an\u00e1lisis estad\u00edstico de la utilizaci\u00f3n que hacen los usuarios del servicio. Para ello se analiza su navegaci\u00f3n en nuestra p\u00e1gina web con el fin de mejorar la oferta de productos o servicios que le ofrecemos.<\/p>\n\n\n\n<h4 class=\"wp-block-heading\">\u00bfQu\u00e9 tipo de cookies utiliza  oicv.org\/valencia ?<\/h4>\n\n\n\n<p><strong>SEG\u00daN SU FINALIDAD:<\/strong><\/p>\n\n\n\n<p><strong>Cookies t\u00e9cnicas<\/strong><\/p>\n\n\n\n<p>Son aquellas imprescindibles, estrictamente necesarias para el correcto funcionamiento de un portal Web, las diferentes opciones de navegaci\u00f3n y los servicios que ofrece. En este grupo, se incluyen las que sirven para el mantenimiento de la sesi\u00f3n, la gesti\u00f3n del tiempo de respuesta, el rendimiento o validaci\u00f3n de opciones, el empleo de elementos de seguridad, la publicaci\u00f3n de contenido compartido en redes sociales, etc.<\/p>\n\n\n\n<p><strong>Cookies de personalizaci\u00f3n<\/strong><\/p>\n\n\n\n<p>Estos archivos permiten al usuario especificar o personalizar algunas caracter\u00edsticas de las opciones generales de la p\u00e1gina Web. Por ejemplo, definir el idioma, una configuraci\u00f3n regional o el tipo de navegador.<\/p>\n\n\n\n<p><strong>Cookies anal\u00edticas<\/strong><\/p>\n\n\n\n<p>Las cookies anal\u00edticas son las que utiliza el sitio Web para elaborar perfiles de navegaci\u00f3n y conocer las preferencias de los usuarios con el fin de mejorar la oferta de productos y servicios. En concreto, las que permiten observar qu\u00e9 \u00e1reas geogr\u00e1ficas interesan m\u00e1s a un usuario, que producto tiene m\u00e1s aceptaci\u00f3n, etc.<\/p>\n\n\n\n<p><strong>SEG\u00daN EL PLAZO:<\/strong><\/p>\n\n\n\n<p><strong>Cookies de sesi\u00f3n<\/strong><\/p>\n\n\n\n<p>Son aquellas que est\u00e1n activas mientras el usuario est\u00e1 navegando por la p\u00e1gina Web y se borran a su t\u00e9rmino.<\/p>\n\n\n\n<p><strong>Cookies persistentes<\/strong><\/p>\n\n\n\n<p>Estas cookies quedan almacenadas por un tiempo en el terminal del usuario, de manera que permiten mantener las preferencias elegidas sin tener que repetir ciertos par\u00e1metros cada vez que se visite el sitio Web.<\/p>\n\n\n\n<h4 class=\"wp-block-heading\">\u00bfQue pasa si el usuario no acepta la autorizaci\u00f3n de cookies?<\/h4>\n\n\n\n<p>Si el usuario sigue navegando por el sitio web sin aceptar la pol\u00edtica de cookies, se entender\u00e1 que el usuario no est\u00e1 autorizando el uso de cookies<\/p>\n\n\n\n<p>Si el visitante rechaza o borra las cookies de navegaci\u00f3n, no ser\u00e1 posible mantener sus preferencias en el sitio Web  oicv.org\/valencia , no estar\u00e1n operativas algunas caracter\u00edsticas de las p\u00e1ginas.<\/p>\n\n\n\n<p>Si, aun as\u00ed, el usuario decide modificar la configuraci\u00f3n de acceso a la p\u00e1gina Web, debe saber que en cualquier momento puede eliminar las cookies o impedir que se registre esta informaci\u00f3n en su equipo, mediante la rectificaci\u00f3n de las preferencias del navegador.<\/p>\n","protected":false},"excerpt":{"rendered":"<p>La web oicv.org\/valencia emplea cookies en sus sitios Web. Las cookies facilitan la navegaci\u00f3n, y en muchos casos son imprescindibles &hellip; <a href=\"https:\/\/oicv.org\/valencia\/politica-de-cookies\/\">Continued<\/a><\/p>\n","protected":false},"author":1,"featured_media":0,"parent":0,"menu_order":0,"comment_status":"closed","ping_status":"closed","template":"views\/template-basica.blade.php","meta":{"_acf_changed":false,"inline_featured_image":false,"footnotes":""},"class_list":["post-130","page","type-page","status-publish","hentry"],"acf":[],"_links":{"self":[{"href":"https:\/\/oicv.org\/valencia\/wp-json\/wp\/v2\/pages\/130","targetHints":{"allow":["GET"]}}],"collection":[{"href":"https:\/\/oicv.org\/valencia\/wp-json\/wp\/v2\/pages"}],"about":[{"href":"https:\/\/oicv.org\/valencia\/wp-json\/wp\/v2\/types\/page"}],"author":[{"embeddable":true,"href":"https:\/\/oicv.org\/valencia\/wp-json\/wp\/v2\/users\/1"}],"replies":[{"embeddable":true,"href":"https:\/\/oicv.org\/valencia\/wp-json\/wp\/v2\/comments?post=130"}],"version-history":[{"count":1,"href":"https:\/\/oicv.org\/valencia\/wp-json\/wp\/v2\/pages\/130\/revisions"}],"predecessor-version":[{"id":182,"href":"https:\/\/oicv.org\/valencia\/wp-json\/wp\/v2\/pages\/130\/revisions\/182"}],"wp:attachment":[{"href":"https:\/\/oicv.org\/valencia\/wp-json\/wp\/v2\/media?parent=130"}],"curies":[{"name":"wp","href":"https:\/\/api.w.org\/{rel}","templated":true}]}}