{"id":206,"date":"2021-10-18T17:00:32","date_gmt":"2021-10-18T17:00:32","guid":{"rendered":"https:\/\/oicv.org\/valencia\/?page_id=206"},"modified":"2026-01-15T11:22:35","modified_gmt":"2026-01-15T11:22:35","slug":"quienes-somos","status":"publish","type":"page","link":"https:\/\/oicv.org\/valencia\/quienes-somos\/","title":{"rendered":"\u00bfQui\u00e9nes somos?"},"content":{"rendered":"\n<p>La olimpiada OICV.org en su sede de Valencia la organizan profesores y profesoras del Departamento de Inform\u00e1tica de la <a rel=\"noreferrer noopener\" href=\"https:\/\/www.uv.es\/uvweb\/ingenieria\/es\/escuela-tecnica-superior-ingenieria-1285845344131.html\" target=\"_blank\">Escola T\u00e8cnica Superior d&#8217;Enginyeria de la Universitat de Val\u00e8ncia (ETSE-UV)<\/a>  , que se encargan de las tareas de inscripci\u00f3n, difusi\u00f3n y preparaci\u00f3n de las pruebas: <\/p>\n","protected":false},"excerpt":{"rendered":"<p>La olimpiada OICV.org en su sede de Valencia la organizan profesores y profesoras del Departamento de Inform\u00e1tica de la Escola &hellip; <a href=\"https:\/\/oicv.org\/valencia\/quienes-somos\/\">Continued<\/a><\/p>\n","protected":false},"author":1,"featured_media":0,"parent":0,"menu_order":0,"comment_status":"closed","ping_status":"closed","template":"views\/template-quienes.blade.php","meta":{"_acf_changed":false,"inline_featured_image":false,"footnotes":""},"class_list":["post-206","page","type-page","status-publish","hentry"],"acf":[],"_links":{"self":[{"href":"https:\/\/oicv.org\/valencia\/wp-json\/wp\/v2\/pages\/206","targetHints":{"allow":["GET"]}}],"collection":[{"href":"https:\/\/oicv.org\/valencia\/wp-json\/wp\/v2\/pages"}],"about":[{"href":"https:\/\/oicv.org\/valencia\/wp-json\/wp\/v2\/types\/page"}],"author":[{"embeddable":true,"href":"https:\/\/oicv.org\/valencia\/wp-json\/wp\/v2\/users\/1"}],"replies":[{"embeddable":true,"href":"https:\/\/oicv.org\/valencia\/wp-json\/wp\/v2\/comments?post=206"}],"version-history":[{"count":21,"href":"https:\/\/oicv.org\/valencia\/wp-json\/wp\/v2\/pages\/206\/revisions"}],"predecessor-version":[{"id":1132,"href":"https:\/\/oicv.org\/valencia\/wp-json\/wp\/v2\/pages\/206\/revisions\/1132"}],"wp:attachment":[{"href":"https:\/\/oicv.org\/valencia\/wp-json\/wp\/v2\/media?parent=206"}],"curies":[{"name":"wp","href":"https:\/\/api.w.org\/{rel}","templated":true}]}}