{"id":259,"date":"2021-11-25T10:15:16","date_gmt":"2021-11-25T10:15:16","guid":{"rendered":"https:\/\/oicv.org\/valencia\/?page_id=259"},"modified":"2025-11-20T10:46:38","modified_gmt":"2025-11-20T10:46:38","slug":"bases","status":"publish","type":"page","link":"https:\/\/oicv.org\/valencia\/bases\/","title":{"rendered":"Bases"},"content":{"rendered":"\n<p>Accede a las bases de la fase local de Val\u00e8ncia de la Olimpiada Inform\u00e1tica de la Comunidad Valenciana que tendr\u00e1 lugar el <strong>23 de enero de 2026<\/strong> en la Escola T\u00e8cnica Superior d\u2019Enginyer\u00eda de la Universitat de Val\u00e8ncia.<\/p>\n\n\n\n<p class=\"enlace_destacado\"><a href=\"https:\/\/www.uv.es\/uvweb\/delegacio-incorporacio-UV\/ca\/cooperacio-secundaria\/olimpiades\/informatica-1286217768028.html\" target=\"_blank\" rel=\"noreferrer noopener\">Accede a las bases<\/a>.<\/p>\n\n\n\n<div style=\"height:20px\" aria-hidden=\"true\" class=\"wp-block-spacer\"><\/div>\n\n\n\n<h3 class=\"wp-block-heading\">Participantes y Beneficiarios:<\/h3>\n\n\n\n<p>Puede participar en esta convocatora el alumnado de secundaria, ciclos formativos de grado medio y bachillerato de centros de ense\u00f1anza p\u00fablica y privada de la Comunidad Valenciana. <\/p>\n\n\n\n<div style=\"height:20px\" aria-hidden=\"true\" class=\"wp-block-spacer\"><\/div>\n\n\n\n<h3 class=\"wp-block-heading\">Inscripci\u00f3n:<\/h3>\n\n\n\n<p>Finalizar\u00e1 el 20 de diciembre de 2025<\/p>\n\n\n\n<div style=\"height:20px\" aria-hidden=\"true\" class=\"wp-block-spacer\"><\/div>\n\n\n\n<h3 class=\"wp-block-heading\">Las pruebas de selecci\u00f3n:<\/h3>\n\n\n\n<p>Las personas inscritas en la Olimpiada Inform\u00e1tica de la Comunidad Valenciana resolver\u00e1n de manera individual problemas de programaci\u00f3n utilizando algunos de los lenguajes permitidos:  C++, Java o Python. Pondr\u00e1n a prueba sus habilidades en el an\u00e1lisis de problemas, dise\u00f1o de algoritmos, estructuras de datos y programaci\u00f3n.<\/p>\n\n\n\n<div style=\"height:20px\" aria-hidden=\"true\" class=\"wp-block-spacer\"><\/div>\n\n\n\n<h3 class=\"wp-block-heading\">Ganadores y ganadoras:<\/h3>\n\n\n\n<p>La persona mejor clasificada de cada sede representar\u00e1 a la Comunidad Valenciana en la Olimpiada Inform\u00e1tica de Espa\u00f1a y, seg\u00fan su puntuaci\u00f3n, podr\u00e1 participar en la Olimpiada Inform\u00e1tica Internacional.<\/p>\n\n\n\n<p>El resultado se har\u00e1 p\u00fablico en el tabl\u00f3n de anuncios de la Universitat de Val\u00e8ncia, en la p\u00e1gina web de la <a rel=\"noreferrer noopener\" href=\"http:\/\/www.uv.es\/incorporaciouv\" target=\"_blank\">Delegaci\u00f3n para la Incorporaci\u00f3n a la Universidad<\/a> y en la p\u00e1gina web de la <a href=\"https:\/\/oicv.org\/\" data-type=\"URL\" data-id=\"https:\/\/oicv.org\/\" target=\"_blank\" rel=\"noreferrer noopener\">Olimpiada inform\u00e1tica de la Comunitat Valenciana.<\/a><\/p>\n\n\n\n<div style=\"height:20px\" aria-hidden=\"true\" class=\"wp-block-spacer\"><\/div>\n\n\n\n<h3 class=\"wp-block-heading\">Ayudas para el estudio para el alumnado ganador :<\/h3>\n\n\n\n<p>El alumnado que resulte ganador en la fase local de Val\u00e8ncia  de  la Olimpiada Inform\u00e1tica  de la Comunidad Valenciana podr\u00e1 recibir una ayuda al estudio dotada de 1000\u20ac cada uno, que se podr\u00e1 hacer efectiva en los dos cursos siguientes , mediante transferencia bancaria al finalizar el periodo de matr\u00edcula, una vez comprobado que la persona ganadora se ha matriculado en el primer curso de una titulaci\u00f3n de grado de un centro propio de la  Universitat de Val\u00e8ncia.<\/p>\n","protected":false},"excerpt":{"rendered":"<p>Accede a las bases de la fase local de Val\u00e8ncia de la Olimpiada Inform\u00e1tica de la Comunidad Valenciana que tendr\u00e1 &hellip; <a href=\"https:\/\/oicv.org\/valencia\/bases\/\">Continued<\/a><\/p>\n","protected":false},"author":1,"featured_media":273,"parent":0,"menu_order":0,"comment_status":"closed","ping_status":"closed","template":"views\/template-basica_img_izq.blade.php","meta":{"_acf_changed":false,"inline_featured_image":false,"footnotes":""},"class_list":["post-259","page","type-page","status-publish","has-post-thumbnail","hentry"],"acf":[],"_links":{"self":[{"href":"https:\/\/oicv.org\/valencia\/wp-json\/wp\/v2\/pages\/259","targetHints":{"allow":["GET"]}}],"collection":[{"href":"https:\/\/oicv.org\/valencia\/wp-json\/wp\/v2\/pages"}],"about":[{"href":"https:\/\/oicv.org\/valencia\/wp-json\/wp\/v2\/types\/page"}],"author":[{"embeddable":true,"href":"https:\/\/oicv.org\/valencia\/wp-json\/wp\/v2\/users\/1"}],"replies":[{"embeddable":true,"href":"https:\/\/oicv.org\/valencia\/wp-json\/wp\/v2\/comments?post=259"}],"version-history":[{"count":25,"href":"https:\/\/oicv.org\/valencia\/wp-json\/wp\/v2\/pages\/259\/revisions"}],"predecessor-version":[{"id":1125,"href":"https:\/\/oicv.org\/valencia\/wp-json\/wp\/v2\/pages\/259\/revisions\/1125"}],"wp:featuredmedia":[{"embeddable":true,"href":"https:\/\/oicv.org\/valencia\/wp-json\/wp\/v2\/media\/273"}],"wp:attachment":[{"href":"https:\/\/oicv.org\/valencia\/wp-json\/wp\/v2\/media?parent=259"}],"curies":[{"name":"wp","href":"https:\/\/api.w.org\/{rel}","templated":true}]}}