{"id":29,"date":"2021-09-03T09:31:32","date_gmt":"2021-09-03T09:31:32","guid":{"rendered":"http:\/\/localhost\/olimpiadas_valencia\/?page_id=3"},"modified":"2021-10-11T15:23:34","modified_gmt":"2021-10-11T15:23:34","slug":"politica-privacidad-2","status":"publish","type":"page","link":"https:\/\/oicv.org\/valencia\/politica-privacidad-2\/","title":{"rendered":"Pol\u00edtica de privacidad"},"content":{"rendered":"\n<p>La direcci\u00f3n de nuestra web es: <a href=\"https:\/\/oicv.org\/valencia\">http:\/\/oicv.org\/valencia<\/a>.<\/p>\n\n\n\n<h3 class=\"wp-block-heading\">I. Datos del prestador de servicios<\/h3>\n\n\n\n<p>La Universitat de Val\u00e8ncia es una instituci\u00f3n de derecho p\u00fablico, con personalidad jur\u00eddica y patrimonio propios, y con los derechos reconocidos por la Constituci\u00f3n y las dem\u00e1s leyes vigentes. Esta instituci\u00f3n es la entidad titular de la direcci\u00f3n electr\u00f3nica\u00a0<a href=\"http:\/\/www.uv.es\/\"><a href=\"https:\/\/oicv.org\/valencia\">oicv.org\/valencia<\/a>. <\/a>\u00a0y sus datos de identificaci\u00f3n y localizaci\u00f3n son los siguientes:<\/p>\n\n\n\n<ul class=\"wp-block-list\"><li><strong>Denominaci\u00f3n:<\/strong>&nbsp;Universitat de Val\u00e8ncia-Estudi General (en adelante, Universitat de Val\u00e8ncia)<\/li><li><strong>CIF:<\/strong>&nbsp;Q4618001D<\/li><li><strong>C\u00f3digo del Registro de Universidades, Centros y T\u00edtulos:<\/strong>&nbsp;018<\/li><li><strong>Tipo:<\/strong>&nbsp;P\u00fablica<\/li><li><strong>Domicilio:<\/strong>&nbsp;Avenida de Blasco Ib\u00e1\u00f1ez, 13 \u2013 46010 Valencia<\/li><li><strong>Direcci\u00f3n electr\u00f3nica:<\/strong>&nbsp;<a href=\"http:\/\/www.uv.es\/uvweb\/universitat\/es\/bustia-uv\/contacta-1285850036774.html\">Buz\u00f3n UV<\/a><\/li><li><strong>Tel\u00e9fono:<\/strong>&nbsp;96 386 41 00<\/li><li><a href=\"https:\/\/www.uv.es\/sgeneral\/Reglamentacio\/Doc\/Adm_Electronica\/Y14.pdf\" target=\"_blank\" rel=\"noreferrer noopener\">Reglamento de uso de los recursos relacionados con las tecnolog\u00edas de la informaci\u00f3n y las comunicaciones de la UV<\/a><\/li><\/ul>\n\n\n\n<h3 class=\"wp-block-heading\">II. Objeto y \u00e1mbito de aplicaci\u00f3n<\/h3>\n\n\n\n<p>Los presentes t\u00e9rminos y condiciones de uso tienen por objeto definir las condiciones que rigen la edici\u00f3n y el uso de las p\u00e1ginas web y servicios ubicados en la direcci\u00f3n electr\u00f3nica&nbsp;<a href=\"http:\/\/www.uv.es\/\">www.uv.es<\/a>&nbsp;y regular dicho uso. Cualquier usuario que acceda a la informaci\u00f3n y servicios ofrecidos en el citado dominio est\u00e1 sujeto al presente documento. Adem\u00e1s, determinados servicios pueden estar afectados por t\u00e9rminos y condiciones espec\u00edficas, accesibles, en su caso, en los portales correspondientes y que deber\u00e1n ser le\u00eddas y ser\u00e1n tambi\u00e9n de obligado cumplimiento para el usuario. En particular, la sede electr\u00f3nica y el perfil del contratante se regir\u00e1n por su normativa espec\u00edfica y por el Reglamento de la Sede Electr\u00f3nica de la Universitat de Val\u00e8ncia (ACGUV 99\/2010, modificado por ACGUV 189\/2010).<\/p>\n\n\n\n<h3 class=\"wp-block-heading\">III. Funciones de la Universitat de Val\u00e8ncia<\/h3>\n\n\n\n<p>De acuerdo con el art\u00edculo 1 de la Ley org\u00e1nica 6\/2001, de 21 de diciembre, de universidades, la Universitat de Val\u00e8ncia realiza el servicio p\u00fablico de educaci\u00f3n superior mediante la investigaci\u00f3n, la docencia y el estudio.<br>Son funciones de la Universitat de Val\u00e8ncia:<\/p>\n\n\n\n<ol class=\"wp-block-list\"><li>La creaci\u00f3n, el desarrollo, la transmisi\u00f3n y la cr\u00edtica de la ciencia, de la t\u00e9cnica y de la cultura.<\/li><li>La preparaci\u00f3n para el ejercicio de actividades profesionales que exijan la aplicaci\u00f3n de conocimientos y m\u00e9todos cient\u00edficos y para la creaci\u00f3n art\u00edstica.<\/li><li>La difusi\u00f3n, la valorizaci\u00f3n y la transferencia del conocimiento al servicio de la cultura, de la calidad de la vida y del desarrollo econ\u00f3mico.<\/li><li>La difusi\u00f3n del conocimiento y la cultura a trav\u00e9s de la extensi\u00f3n universitaria y la formaci\u00f3n a lo largo de toda la vida.<\/li><\/ol>\n\n\n\n<p>En el desarrollo de sus funciones, la Universitat de Val\u00e8ncia pone a disposici\u00f3n de la comunidad universitaria en particular, y de los usuarios en general, informaci\u00f3n y servicios disponibles a trav\u00e9s de Internet en el dominio&nbsp;<a href=\"http:\/\/www.uv.es\/\">www.uv.es<\/a>&nbsp;que est\u00e1n sujetos a las finalidades siguientes:<\/p>\n\n\n\n<ul class=\"wp-block-list\"><li>Facilitar el acceso por medios electr\u00f3nicos de los ciudadanos a la informaci\u00f3n institucional, con especial atenci\u00f3n a la eliminaci\u00f3n de las barreras que limitan este acceso.<\/li><li>Crear las condiciones de confianza en el uso de los medios electr\u00f3nicos.<\/li><li>Promover la proximidad con el ciudadano y la transparencia administrativa, as\u00ed como la mejora continuada en la consecuci\u00f3n del inter\u00e9s general.<\/li><li>Contribuir a la mejora del funcionamiento de las administraciones p\u00fablicas, incrementando la eficacia y la eficiencia mediante el uso de las tecnolog\u00edas de la informaci\u00f3n, con las debidas garant\u00edas legales en la realizaci\u00f3n de sus funciones.<\/li><li>Contribuir al desarrollo de la sociedad de la informaci\u00f3n en el \u00e1mbito de las administraciones p\u00fablicas y en la sociedad en general.<\/li><\/ul>\n\n\n\n<h3 class=\"wp-block-heading\">IV. Responsabilidad de la Universitat de Val\u00e8ncia<\/h3>\n\n\n\n<p>La Universitat de Val\u00e8ncia ostenta la titularidad, gesti\u00f3n y administraci\u00f3n de la informaci\u00f3n y los servicios ofrecidos a trav\u00e9s de la direcci\u00f3n electr\u00f3nica&nbsp;<a href=\"http:\/\/www.uv.es\/\">www.uv.es<\/a>&nbsp;y observar\u00e1 el cumplimiento de los siguientes principios:<\/p>\n\n\n\n<ul class=\"wp-block-list\"><li>El respeto al derecho a la protecci\u00f3n de datos de car\u00e1cter personal en los t\u00e9rminos establecidos por la Ley Org\u00e1nica 3\/2018, de Protecci\u00f3n de los Datos de Car\u00e1cter Personal y Garant\u00eda de Derechos Digitales y en sus normas de desarrollo.<\/li><li>Principio de igualdad, accesibilidad a la informaci\u00f3n y a los servicios por medios electr\u00f3nicos en los t\u00e9rminos establecidos por la normativa vigente en estas materias.<\/li><li>Principio de seguridad en la implantaci\u00f3n y utilizaci\u00f3n de los medios electr\u00f3nicos.<\/li><li>Principio de responsabilidad y calidad en la veracidad y autenticidad de las informaciones y servicios ofrecidos a trav\u00e9s de medios electr\u00f3nicos.<\/li><li>Principio de neutralidad tecnol\u00f3gica y de adaptabilidad al progreso de las t\u00e9cnicas y sistemas de comunicaciones electr\u00f3nicas garantizando la independencia en la elecci\u00f3n de las alternativas tecnol\u00f3gicas por los ciudadanos y por la Universitat de Val\u00e8ncia. A estos efectos la Universitat de Val\u00e8ncia utilizar\u00e1 est\u00e1ndares abiertos as\u00ed como, en su caso y de forma complementaria, est\u00e1ndares que sean de uso generalizado por los ciudadanos.<\/li><\/ul>\n\n\n\n<h3 class=\"wp-block-heading\">V. Exclusi\u00f3n de responsabilidad<\/h3>\n\n\n\n<p>La Universitat de Val\u00e8ncia \u00fanicamente se hace responsable de la oficialidad y veracidad de la informaci\u00f3n y los servicios ofrecidos directamente a trav\u00e9s del dominio uv.es.<br>As\u00ed mismo, La Universitat de Val\u00e8ncia act\u00faa de buena fe en la puesta a disposici\u00f3n de los usuarios de la informaci\u00f3n y servicios a trav\u00e9s de su dominio uv.es, por lo que no se hace responsable de:<\/p>\n\n\n\n<ul class=\"wp-block-list\"><li>La informaci\u00f3n reproducida por terceros y, en particular,&nbsp; de la informaci\u00f3n presente en la memoria cach\u00e9 de los buscadores (servicios de catching).<\/li><li>Los fallos t\u00e9cnicos que puedan imposibilitar el acceso a la informaci\u00f3n y los servicios ofrecidos a trav\u00e9s del dominio uv.es.<\/li><li>El acceso y uso a la informaci\u00f3n y servicios por menores de edad.<\/li><li>El acceso y uso il\u00edcitos por parte de los usuarios y, en especial, a las actividades conocidas como framing o pharming.<\/li><li>El uso inadecuado por terceros ajenos a la Universitat de Val\u00e8ncia y, en concreto, cuando dichos terceros suplanten o emulen la identidad corporativa de la Universitat de Val\u00e8ncia.<\/li><li>Los contenidos de los enlaces que dirijan a p\u00e1ginas externas al dominio uv.es.<\/li><\/ul>\n\n\n\n<p>Adem\u00e1s, \u00fanicamente tendr\u00e1n consideraci\u00f3n de sede electr\u00f3nica en los t\u00e9rminos establecidos en la Ley 11\/2007, de 22 de junio, de Acceso Electr\u00f3nico de los Ciudadanos a los Servicios P\u00fablicos, la informaci\u00f3n y los servicios ofrecidos a trav\u00e9s del portal entreu.uv.es.<br>Quedan excluidos de los presentes t\u00e9rminos y condiciones de uso:<\/p>\n\n\n\n<ul class=\"wp-block-list\"><li>Las p\u00e1ginas web personales ubicadas en el dominio uv.es<\/li><li>Los blogs ubicados en el dominio blogs.uv.es<\/li><\/ul>\n\n\n\n<h3 class=\"wp-block-heading\">VI. Obligaciones de los usuarios<\/h3>\n\n\n\n<p>Tendr\u00e1 la consideraci\u00f3n de usuario cualquier ciudadano que acceda a la informaci\u00f3n o servicios ubicados en el dominio uv.es, haga uso o no de dicha informaci\u00f3n o servicios. En el uso de la informaci\u00f3n y servicios ofrecidos a trav\u00e9s del citado dominio, los usuarios tienen las siguientes obligaciones:<\/p>\n\n\n\n<ul class=\"wp-block-list\"><li>Los usuarios se comprometen a hacer un uso de buena fe en relaci\u00f3n con la informaci\u00f3n y servicios que la Universitat de Val\u00e8ncia ofrece a trav\u00e9s de la direcci\u00f3n electr\u00f3nica uv.es<\/li><li>Los usuarios deber\u00e1n cumplir la presente normativa, los estatutos de la Universitat de Val\u00e8ncia y el resto del ordenamiento jur\u00eddico. En particular, deber\u00e1n respetar los derechos de los ciudadanos y en especial de sus derechos a la protecci\u00f3n de datos, la intimidad, el honor y la propia imagen.<\/li><li>Se respetar\u00e1n los derechos de propiedad intelectual e industrial de la Universitat de Val\u00e8ncia y de terceros, conforme a la legislaci\u00f3n vigente.<\/li><li>Colaborar con la Universitat de Val\u00e8ncia, cuando se tenga el conocimiento de la comisi\u00f3n de hechos ilegales o delictivos en relaci\u00f3n al uso de los recursos inform\u00e1ticos y telem\u00e1ticos de la Universitat de Val\u00e8ncia.<\/li><\/ul>\n\n\n\n<p>En ning\u00fan caso se podr\u00e1 hacer uso de la informaci\u00f3n y servicios referidos en el presente documento para las siguientes finalidades:<\/p>\n\n\n\n<ul class=\"wp-block-list\"><li>Incurrir en actividades il\u00edcitas o ilegales de cualquier tipo, y particularmente, difundir contenidos o propaganda de car\u00e1cter racista, xen\u00f3fobo, pornogr\u00e1fico, sexista, de apolog\u00eda del terrorismo o atentatorio contra los derechos humanos, o actuar en perjuicio de los derechos a la intimidad, al honor, a la propia imagen o contra la dignidad de las personas.<\/li><li>Difundir contenidos contrarios a los principios enunciados en los Estatutos de la Universitat.<\/li><li>Difundir manifestaciones o referencias falsas, incorrectas o inexactas sobre las p\u00e1ginas y los servicios de la Universitat de Val\u00e8ncia.<\/li><li>Da\u00f1ar los sistemas f\u00edsicos y l\u00f3gicos de la Universitat de Val\u00e8ncia, de sus proveedores o de terceras personas.<\/li><li>Introducir o difundir en la red virus inform\u00e1ticos o cualesquiera otros sistemas f\u00edsicos o l\u00f3gicos que sean susceptibles de provocar los da\u00f1os anteriormente citados.<\/li><\/ul>\n\n\n\n<h3 class=\"wp-block-heading\">VII. Acceso a servicios con login<\/h3>\n\n\n\n<p>La Universitat de Val\u00e8ncia proporciona a determinados usuarios, en funci\u00f3n de la vinculaci\u00f3n con la misma, el acceso a determinados servicios que requieren de la identificaci\u00f3n y autenticaci\u00f3n de los mismos.<br>En el uso de estos servicios el usuario tiene las siguientes obligaciones:<\/p>\n\n\n\n<ul class=\"wp-block-list\"><li>Guardar secreto de las claves o contrase\u00f1as de acceso a los servicios de acceso restringido, quedando prohibido facilitar los datos de usuario y contrase\u00f1a a terceros.<\/li><li>Las contrase\u00f1as no deben ser almacenadas en ficheros, soportes o ning\u00fan otro lugar donde puedan ser accedidas por personas sin autorizaci\u00f3n.<\/li><li>Siempre deber\u00e1 utilizar contrase\u00f1as seguras que incorporen ocho o m\u00e1s caracteres, may\u00fasculas, n\u00fameros o signos y que no deben ser palabras, nombres o conceptos.<\/li><\/ul>\n\n\n\n<p>Queda prohibido el acceso a dichas aplicaciones sin las autorizaciones correspondientes. La Universitat de Val\u00e8ncia s\u00f3lo ser\u00e1 responsable de las medidas de seguridad relacionadas con el acceso a dichos servicios.<\/p>\n\n\n\n<h3 class=\"wp-block-heading\">VIII. Propiedad intelectual e industrial<\/h3>\n\n\n\n<p>El dise\u00f1o, c\u00f3digo fuente, logos, marcas y dem\u00e1s signos distintivos que aparecen en el dominio uv.es pertenecen a la Universitat de Val\u00e8ncia y est\u00e1n protegidos por los correspondientes derechos de propiedad intelectual e industrial.<br>Se proh\u00edbe la reproducci\u00f3n total o parcial de los contenidos objeto de este documento sin solicitar autorizaci\u00f3n.<\/p>\n\n\n\n<h3 class=\"wp-block-heading\">IX. Protecci\u00f3n de datos<\/h3>\n\n\n\n<ul class=\"wp-block-list\"><li><strong>Datos publicados en<\/strong>&nbsp;<a href=\"http:\/\/www.uv.es\/\">www.uv.es<\/a><\/li><\/ul>\n\n\n\n<p>Las p\u00e1ginas alojadas en el dominio&nbsp;<a href=\"http:\/\/www.uv.es\/\">www.uv.es<\/a>&nbsp;contienen datos de car\u00e1cter personal. El uso de los mismos depender\u00e1 de su categor\u00eda. As\u00ed:<\/p>\n\n\n\n<ul class=\"wp-block-list\"><li>Datos de contacto: Estos datos s\u00f3lo podr\u00e1n utilizarse para finalidades acad\u00e9micas y administrativas. El hecho de utilizarlos para fines distintos de \u00e9stos, y en particular para finalidades comerciales o el env\u00edo masivo de correos (SPAM), se considerar\u00e1 contrario a los principios del art\u00edculo 4 de la Ley Org\u00e1nica 3\/2018, de 5 de diciembre, de Protecci\u00f3n de Datos de Car\u00e1cter Personal y Garant\u00eda de Derechos Digitales, y sus equivalentes de la Directiva 95\/46\/CE, y ser\u00e1 puesto en conocimiento de las autoridades competentes en materia de Protecci\u00f3n de Datos.<\/li><li>Publicaciones administrativas: Se trata de publicaciones que se realizan en cumplimiento de los art\u00edculos 42, 43, 45 y 46 de la&nbsp;Ley 39\/2015, de 1 de octubre, del Procedimiento Administrativo Com\u00fan de las Administraciones P\u00fablicas, quedando prohibido cualquier uso para finalidades distintas a las establecidas en dicha ley.<\/li><\/ul>\n\n\n\n<p>En todo caso, queda prohibida la captaci\u00f3n y almacenamiento de datos personales publicados en el dominio&nbsp;<a href=\"http:\/\/www.uv.es\/\">www.uv.es<\/a>.<\/p>\n\n\n\n<ul class=\"wp-block-list\"><li><strong>Datos de navegaci\u00f3n<\/strong><\/li><\/ul>\n\n\n\n<p>Por otro lado, en la navegaci\u00f3n y uso de los servicios ubicados en el dominio&nbsp;<a href=\"http:\/\/www.uv.es\/\">www.uv.es<\/a>&nbsp;se deber\u00e1 tener en cuenta la pol\u00edtica de privacidad y pol\u00edtica de cookies de la Universitat de Val\u00e8ncia que pueden ser consultadas en:<\/p>\n\n\n\n<ul class=\"wp-block-list\"><li><a href=\"http:\/\/www.uv.es\/uvweb\/universitat\/es\/politica-privacitat\/responsable-identificacio-titular-web-funcions-1285919116693.html\" target=\"_blank\" rel=\"noreferrer noopener\">Pol\u00edtica de privacidad<\/a><\/li><li><a href=\"http:\/\/www.uv.es\/uvweb\/universitat\/es\/politica-privacitat\/politica-cookies\/son-galetes--1285919089226.html\" target=\"_blank\" rel=\"noreferrer noopener\">Pol\u00edtica cookies<\/a><\/li><\/ul>\n\n\n\n<h3 class=\"wp-block-heading\">X. Normas aplicables<\/h3>\n\n\n\n<p>Sin perjuicio de lo que dispone este documento de t\u00e9rminos y condiciones, los usuarios se someten a la legislaci\u00f3n espa\u00f1ola. Cualquier conflicto o discrepancia que surja en la interpretaci\u00f3n o aplicaci\u00f3n de estas condiciones generales, el usuario se somete a los juzgados y tribunales espa\u00f1oles.<br>Cuando los usuarios tengan la condici\u00f3n de miembres de la comunidad universitaria, deber\u00e1n tener en cuenta el cumplimiento del&nbsp;<a href=\"https:\/\/www.uv.es\/sgeneral\/Reglamentacio\/Doc\/Adm_Electronica\/Y14.pdf\" target=\"_blank\" rel=\"noreferrer noopener\">Reglamento de uso de los recursos relacionados con las tecnolog\u00edas de la informaci\u00f3n y las comunicaciones de la UV<\/a><\/p>\n\n\n\n<h3 class=\"wp-block-heading\">XI. Vigencia y registro de cambios<\/h3>\n\n\n\n<p>Los presentes t\u00e9rminos y condiciones son aplicables desde la fecha de publicaci\u00f3n de la misma. La Universitat de Val\u00e8ncia se reserva el derecho a modificarla sin m\u00e1s exigencias que la realizaci\u00f3n de los correspondientes avisos a los usuarios de las p\u00e1ginas contenidas en el dominio uv.es.<br>En el caso de que cualquier punto o cl\u00e1usula de estas condiciones generales fuera considerada nula o inaplicable, en su totalidad o en parte, por cualquier Juzgado, Tribunal u \u00f3rgano administrativo competente, dicha nulidad o inaplicaci\u00f3n no afectar\u00e1 a las otras disposiciones de las condiciones generales.<br>Puede consultar aqu\u00ed las versiones anteriores:<\/p>\n","protected":false},"excerpt":{"rendered":"<p>La direcci\u00f3n de nuestra web es: http:\/\/oicv.org\/valencia. I. Datos del prestador de servicios La Universitat de Val\u00e8ncia es una instituci\u00f3n &hellip; <a href=\"https:\/\/oicv.org\/valencia\/politica-privacidad-2\/\">Continued<\/a><\/p>\n","protected":false},"author":1,"featured_media":0,"parent":0,"menu_order":0,"comment_status":"closed","ping_status":"closed","template":"views\/template-basica.blade.php","meta":{"_acf_changed":false,"inline_featured_image":false,"footnotes":""},"class_list":["post-29","page","type-page","status-publish","hentry"],"acf":[],"_links":{"self":[{"href":"https:\/\/oicv.org\/valencia\/wp-json\/wp\/v2\/pages\/29","targetHints":{"allow":["GET"]}}],"collection":[{"href":"https:\/\/oicv.org\/valencia\/wp-json\/wp\/v2\/pages"}],"about":[{"href":"https:\/\/oicv.org\/valencia\/wp-json\/wp\/v2\/types\/page"}],"author":[{"embeddable":true,"href":"https:\/\/oicv.org\/valencia\/wp-json\/wp\/v2\/users\/1"}],"replies":[{"embeddable":true,"href":"https:\/\/oicv.org\/valencia\/wp-json\/wp\/v2\/comments?post=29"}],"version-history":[{"count":3,"href":"https:\/\/oicv.org\/valencia\/wp-json\/wp\/v2\/pages\/29\/revisions"}],"predecessor-version":[{"id":180,"href":"https:\/\/oicv.org\/valencia\/wp-json\/wp\/v2\/pages\/29\/revisions\/180"}],"wp:attachment":[{"href":"https:\/\/oicv.org\/valencia\/wp-json\/wp\/v2\/media?parent=29"}],"curies":[{"name":"wp","href":"https:\/\/api.w.org\/{rel}","templated":true}]}}