{"id":296,"date":"2022-01-12T20:07:16","date_gmt":"2022-01-12T20:07:16","guid":{"rendered":"https:\/\/oicv.org\/valencia\/?page_id=296"},"modified":"2025-09-13T04:35:14","modified_gmt":"2025-09-13T04:35:14","slug":"programa","status":"publish","type":"page","link":"https:\/\/oicv.org\/valencia\/programa\/","title":{"rendered":"Programa"},"content":{"rendered":"\n<div class=\"wp-block-group container_help is-layout-flow wp-block-group-is-layout-flow\">\n<div class=\"wp-block-columns d-flex flex-wrap justify-content-center w-100 is-layout-flex wp-container-core-columns-is-layout-9d6595d7 wp-block-columns-is-layout-flex\">\n<div class=\"wp-block-column col-12 col-md-4 is-layout-flow wp-block-column-is-layout-flow\">\n<figure class=\"wp-block-image size-full is-resized img_resp\"><img loading=\"lazy\" decoding=\"async\" width=\"586\" height=\"633\" src=\"https:\/\/oicv.org\/valencia\/wp-content\/uploads\/2021\/10\/inicio.png\" alt=\"\" class=\"wp-image-141\" style=\"width:293px;height:317px\" srcset=\"https:\/\/oicv.org\/valencia\/wp-content\/uploads\/2021\/10\/inicio.png 586w, https:\/\/oicv.org\/valencia\/wp-content\/uploads\/2021\/10\/inicio-278x300.png 278w\" sizes=\"auto, (max-width: 586px) 100vw, 586px\" \/><\/figure>\n<\/div>\n\n\n\n<div class=\"wp-block-column col-12 col-md-8 col-lg-6 is-layout-flow wp-block-column-is-layout-flow\">\n<p class=\"cont_xxl\">El d\u00eda de la prueba, si eres menor de edad, deber\u00e1s traer el <a href=\"https:\/\/oicv.org\/valencia\/wp-content\/uploads\/2025\/01\/autoritzacio_cas-1.pdf\" target=\"_blank\" rel=\"noreferrer noopener\">documento adjunto de autorizaci\u00f3n<\/a> de padre, madre o tutor\/a legal cumplimentado y firmado.<\/p>\n\n\n\n<p class=\"cont_xxl\">Para la realizaci\u00f3n de las pruebas deber\u00e1s presentarte en las instalaciones de la Escola T\u00e8cnica Superior d&#8217;Enginyeria de la Universitat de Val\u00e8ncia (ETSE-UV),<strong> el d\u00eda 23 de enero de 2026 a las 8:30<\/strong> convenientemente identificado (DNI o pasaporte) y con el documento de autorizaci\u00f3n. All\u00ed se dar\u00e1 una charla explicativa sobre el desarrollo de la prueba, que tendr\u00e1 una duraci\u00f3n de 3 horas y finalizar\u00e1 con la resoluci\u00f3n de los ganadores sobre las 14:00h.<\/p>\n\n\n\n<p class=\"cont_xxl\"><a rel=\"noreferrer noopener\" href=\"https:\/\/www.uv.es\/uvweb\/ingenieria\/es\/escuela\/situacion-contacto\/ubicacion-1285848758157.html\" target=\"_blank\">Ubicaci\u00f3n y acceso a la ETSE-UV (Campus de Burjassot &#8211; Paterna)<\/a><\/p>\n<\/div>\n<\/div>\n<\/div>\n\n\n\n<div style=\"height:50px\" aria-hidden=\"true\" class=\"wp-block-spacer\"><\/div>\n\n\n\n<div class=\"wp-block-columns columns_tabla is-layout-flex wp-container-core-columns-is-layout-9d6595d7 wp-block-columns-is-layout-flex\">\n<div class=\"wp-block-column is-layout-flow wp-block-column-is-layout-flow\" style=\"flex-basis:25%\"><\/div>\n\n\n\n<div class=\"wp-block-column is-layout-flow wp-block-column-is-layout-flow\" style=\"flex-basis:50%\">\n<h4 class=\"wp-block-heading has-text-align-center\">La planificaci\u00f3n de ese d\u00eda ser\u00e1 la siguiente<\/h4>\n\n\n\n<figure class=\"wp-block-table tabla_programa\"><table><tbody><tr><td>8:30 &#8211; 9:30<\/td><td>Recepci\u00f3n en la entrada de la ETSE-UV: Entrega de material e instrucciones<\/td><\/tr><tr><td>9:30 &#8211; 10:00<\/td><td>Descanso previo al inicio de la prueba<\/td><\/tr><tr><td>10:00 &#8211; 13:00<\/td><td>Olimpiada<\/td><\/tr><tr><td>13:00 &#8211; 13:30<\/td><td>Descanso y deliberaci\u00f3n del jurado<\/td><\/tr><tr><td>13:30 &#8211; 14:00<\/td><td>Comunicaci\u00f3n de ganadores y ganadoras y entrega de premios<\/td><\/tr><\/tbody><\/table><\/figure>\n<\/div>\n\n\n\n<div class=\"wp-block-column is-layout-flow wp-block-column-is-layout-flow\" style=\"flex-basis:25%\"><\/div>\n<\/div>\n\n\n\n<div class=\"wp-block-group bloque_programa is-layout-flow wp-block-group-is-layout-flow\">\n<div class=\"wp-block-columns container_help d-flex flex-wrap justify-content-center is-layout-flex wp-container-core-columns-is-layout-9d6595d7 wp-block-columns-is-layout-flex\">\n<div class=\"wp-block-column cont_xxl col-lg-5 is-layout-flow wp-block-column-is-layout-flow\" style=\"flex-basis:50%\">\n<p>Los alumnos podr\u00e1n comer algo en los descansos, pero no durante la prueba, donde estar\u00e1n 3 horas incomunicados en las salas de ordenadores.<\/p>\n\n\n\n<p>La prueba consta de <strong>cuatro o cinco ejercicios<\/strong> que estar\u00e1n disponibles desde el principio de la prueba y cada participante organizar\u00e1 su tiempo libremente.<\/p>\n<\/div>\n\n\n\n<div class=\"wp-block-column cont_xxl col-lg-5 is-layout-flow wp-block-column-is-layout-flow\" style=\"flex-basis:66.66%\">\n<p>Para los para los profesores\/acompa\u00f1antes habr\u00e1 un espacio habilitado y tambi\u00e9n estar\u00e1 disponible la cafeter\u00eda y terraza de la ETSE-UV.<\/p>\n\n\n\n<p>Si tienes alguna duda o consulta adicional, por favor ponte en contacto con <a href=\"mailto:help.valencia@oicv.org\" target=\"_blank\" rel=\"noreferrer noopener\">help.valencia@oicv.org<\/a><\/p>\n<\/div>\n<\/div>\n\n\n\n<div style=\"height:50px\" aria-hidden=\"true\" class=\"wp-block-spacer\"><\/div>\n<\/div>\n\n\n\n<div style=\"height:40px\" aria-hidden=\"true\" class=\"wp-block-spacer\"><\/div>\n","protected":false},"excerpt":{"rendered":"<p>El d\u00eda de la prueba, si eres menor de edad, deber\u00e1s traer el documento adjunto de autorizaci\u00f3n de padre, madre &hellip; <a href=\"https:\/\/oicv.org\/valencia\/programa\/\">Continued<\/a><\/p>\n","protected":false},"author":1,"featured_media":0,"parent":0,"menu_order":0,"comment_status":"closed","ping_status":"closed","template":"views\/template-programa.blade.php","meta":{"_acf_changed":false,"inline_featured_image":false,"footnotes":""},"class_list":["post-296","page","type-page","status-publish","hentry"],"acf":[],"_links":{"self":[{"href":"https:\/\/oicv.org\/valencia\/wp-json\/wp\/v2\/pages\/296","targetHints":{"allow":["GET"]}}],"collection":[{"href":"https:\/\/oicv.org\/valencia\/wp-json\/wp\/v2\/pages"}],"about":[{"href":"https:\/\/oicv.org\/valencia\/wp-json\/wp\/v2\/types\/page"}],"author":[{"embeddable":true,"href":"https:\/\/oicv.org\/valencia\/wp-json\/wp\/v2\/users\/1"}],"replies":[{"embeddable":true,"href":"https:\/\/oicv.org\/valencia\/wp-json\/wp\/v2\/comments?post=296"}],"version-history":[{"count":25,"href":"https:\/\/oicv.org\/valencia\/wp-json\/wp\/v2\/pages\/296\/revisions"}],"predecessor-version":[{"id":1084,"href":"https:\/\/oicv.org\/valencia\/wp-json\/wp\/v2\/pages\/296\/revisions\/1084"}],"wp:attachment":[{"href":"https:\/\/oicv.org\/valencia\/wp-json\/wp\/v2\/media?parent=296"}],"curies":[{"name":"wp","href":"https:\/\/api.w.org\/{rel}","templated":true}]}}