{"id":30,"date":"2021-09-27T09:50:24","date_gmt":"2021-09-27T09:50:24","guid":{"rendered":"http:\/\/localhost\/olimpiadas_valencia\/?page_id=6"},"modified":"2025-09-13T04:28:05","modified_gmt":"2025-09-13T04:28:05","slug":"home","status":"publish","type":"page","link":"https:\/\/oicv.org\/valencia\/","title":{"rendered":"Home"},"content":{"rendered":"\n<div class=\"wp-block-group titular_home is-layout-flow wp-block-group-is-layout-flow\">\n<h2 class=\"wp-block-heading has-text-align-center\">Pon a prueba tu talento<br>en inform\u00e1tica<\/h2>\n\n\n\n<h3 class=\"wp-block-heading has-text-align-center\">El Camino a la Olimpiada Internacional<br>de Inform\u00e1tica empieza aqu\u00ed<\/h3>\n<\/div>\n\n\n\n<div class=\"wp-block-columns is-layout-flex wp-container-core-columns-is-layout-9d6595d7 wp-block-columns-is-layout-flex\">\n<div class=\"wp-block-column d-flex flex-column justify-content-center is-layout-flow wp-block-column-is-layout-flow\">\n<p>Desde la Escuela T\u00e9cnica Superior de Ingenier\u00eda de la Universitat de Val\u00e8ncia tenemos el placer de albergar una de las sedes de la <a href=\"https:\/\/oicv.org\" data-type=\"URL\" data-id=\"https:\/\/oicv.org\">Olimpiada Inform\u00e1tica de la Comunidad Valenciana<\/a> , una iniciativa altruista para fomentar el talento en inform\u00e1tica entre el alumnado de educaci\u00f3n secundaria, bachillerato o ciclos formativos de grado medio.<\/p>\n\n\n\n<p>  La iniciativa consistir\u00e1 en&nbsp;<strong>resolver problemas de programaci\u00f3n de complejidad creciente utilizando alguno de los lenguajes permitidos: C++, Python o Java<\/strong>. Proporcionaremos <a rel=\"noreferrer noopener\" href=\"https:\/\/oicv.org\/valencia\/preparacion\/\" data-type=\"page\" data-id=\"34\" target=\"_blank\">materiales de ayuda en l\u00ednea, sesiones de entrenamiento y actividades formativas previas a la competici\u00f3n<\/a>.  <\/p>\n<\/div>\n\n\n\n<div class=\"wp-block-column is-layout-flow wp-block-column-is-layout-flow\">\n<figure class=\"wp-block-image size-full img_cont img_home\"><img loading=\"lazy\" decoding=\"async\" width=\"586\" height=\"633\" src=\"https:\/\/oicv.org\/valencia\/wp-content\/uploads\/2021\/10\/inicio.png\" alt=\"\" class=\"wp-image-141\" srcset=\"https:\/\/oicv.org\/valencia\/wp-content\/uploads\/2021\/10\/inicio.png 586w, https:\/\/oicv.org\/valencia\/wp-content\/uploads\/2021\/10\/inicio-278x300.png 278w\" sizes=\"auto, (max-width: 586px) 100vw, 586px\" \/><\/figure>\n<\/div>\n<\/div>\n\n\n\n<p class=\"has-text-align-center boton_apunto\"><a href=\"https:\/\/oicv.org\/valencia\/inscripcion-oicv\/\">INSCR\u00cdBETE<\/a><\/p>\n\n\n\n<p class=\"has-text-align-center boton_apunto d-none\" id=\"boton_apunto\"><\/p>\n\n\n\n<p class=\"has-text-align-center\"><strong>Para m\u00e1s informaci\u00f3n cont\u00e1ctanos en&nbsp;<a href=\"mailto:help.valencia@oicv.org\">help.valencia@oicv.org<\/a><\/strong><\/p>\n\n\n\n<div class=\"wp-block-columns is-layout-flex wp-container-core-columns-is-layout-9d6595d7 wp-block-columns-is-layout-flex\">\n<div class=\"wp-block-column d-none d-md-flex is-layout-flow wp-block-column-is-layout-flow\">\n<figure class=\"wp-block-image size-full img_cont img_home\"><img loading=\"lazy\" decoding=\"async\" width=\"557\" height=\"687\" src=\"https:\/\/oicv.org\/valencia\/wp-content\/uploads\/2021\/10\/salto.png\" alt=\"\" class=\"wp-image-142\" srcset=\"https:\/\/oicv.org\/valencia\/wp-content\/uploads\/2021\/10\/salto.png 557w, https:\/\/oicv.org\/valencia\/wp-content\/uploads\/2021\/10\/salto-243x300.png 243w\" sizes=\"auto, (max-width: 557px) 100vw, 557px\" \/><\/figure>\n<\/div>\n\n\n\n<div class=\"wp-block-column d-flex flex-column justify-content-center is-layout-flow wp-block-column-is-layout-flow\">\n<p>En la web\u00a0<a href=\"https:\/\/oicv.org\/\" target=\"_blank\" rel=\"noreferrer noopener\">https:\/\/oicv.org<\/a>\u00a0mantendremos toda la informaci\u00f3n necesaria para participar en la actividad, que se celebrar\u00e1 el 23 de enero de 2026 en una modalidad de doble sede en la Universitat de Val\u00e8ncia y la Universidad de Alicante.<\/p>\n\n\n\n<p> <strong>La persona mejor clasificada de cada sede representar\u00e1 a la Comunidad Valenciana en la Olimpiada Inform\u00e1tica de Espa\u00f1a<\/strong> con subvenci\u00f3n por parte de la universidad y, seg\u00fan su puntuaci\u00f3n, podr\u00edan participar en la Olimpiada Inform\u00e1tica Internacional. <\/p>\n<\/div>\n<\/div>\n","protected":false},"excerpt":{"rendered":"<p>Pon a prueba tu talentoen inform\u00e1tica El Camino a la Olimpiada Internacionalde Inform\u00e1tica empieza aqu\u00ed Desde la Escuela T\u00e9cnica Superior &hellip; <a href=\"https:\/\/oicv.org\/valencia\/\">Continued<\/a><\/p>\n","protected":false},"author":1,"featured_media":0,"parent":0,"menu_order":0,"comment_status":"closed","ping_status":"closed","template":"views\/template-home-elements.blade.php","meta":{"_acf_changed":false,"inline_featured_image":false,"footnotes":""},"class_list":["post-30","page","type-page","status-publish","hentry"],"acf":[],"_links":{"self":[{"href":"https:\/\/oicv.org\/valencia\/wp-json\/wp\/v2\/pages\/30","targetHints":{"allow":["GET"]}}],"collection":[{"href":"https:\/\/oicv.org\/valencia\/wp-json\/wp\/v2\/pages"}],"about":[{"href":"https:\/\/oicv.org\/valencia\/wp-json\/wp\/v2\/types\/page"}],"author":[{"embeddable":true,"href":"https:\/\/oicv.org\/valencia\/wp-json\/wp\/v2\/users\/1"}],"replies":[{"embeddable":true,"href":"https:\/\/oicv.org\/valencia\/wp-json\/wp\/v2\/comments?post=30"}],"version-history":[{"count":43,"href":"https:\/\/oicv.org\/valencia\/wp-json\/wp\/v2\/pages\/30\/revisions"}],"predecessor-version":[{"id":1078,"href":"https:\/\/oicv.org\/valencia\/wp-json\/wp\/v2\/pages\/30\/revisions\/1078"}],"wp:attachment":[{"href":"https:\/\/oicv.org\/valencia\/wp-json\/wp\/v2\/media?parent=30"}],"curies":[{"name":"wp","href":"https:\/\/api.w.org\/{rel}","templated":true}]}}