{"id":304,"date":"2022-01-12T20:14:43","date_gmt":"2022-01-12T20:14:43","guid":{"rendered":"https:\/\/oicv.org\/valencia\/?page_id=304"},"modified":"2022-10-11T08:25:57","modified_gmt":"2022-10-11T08:25:57","slug":"f-a-q","status":"publish","type":"page","link":"https:\/\/oicv.org\/valencia\/f-a-q\/","title":{"rendered":"F.A.Q"},"content":{"rendered":"\n<h4 class=\"wp-block-heading\" id=\"como-me-identifico-para-las-pruebas\">\u00bfC\u00f3mo me identifico para las pruebas?<\/h4>\n\n\n\n<p>Con DNI, pasaporte o documento similar donde aparezca tu foto.<\/p>\n\n\n\n<h4 class=\"wp-block-heading\" id=\"debo-llevar-mi-propio-ordenador\">\u00bfDebo llevar mi propio ordenador?<\/h4>\n\n\n\n<p>No, la universidad te proporcionar\u00e1 un ordenador, donde estar\u00e1 instalado todo lo necesario y tendr\u00e1s acceso al juez.<\/p>\n\n\n\n<h4 class=\"wp-block-heading\" id=\"tendre-acceso-a-internet\">\u00bfTendr\u00e9 acceso a Internet?<\/h4>\n\n\n\n<p>No, los ordenadores no tendr\u00e1n activado el acceso a internet ni podr\u00e1s hacer uso de dispositivos para conectarte.<\/p>\n\n\n\n<h4 class=\"wp-block-heading\" id=\"tendre-mi-telefono-movil-durante-la-prueba\">\u00bfTendr\u00e9 mi tel\u00e9fono m\u00f3vil durante la prueba?<\/h4>\n\n\n\n<p>No est\u00e1 permitido el uso de tel\u00e9fono m\u00f3vil ni ning\u00fan otro dispositivo electr\u00f3nico adicional durante la prueba.<\/p>\n\n\n\n<h4 class=\"wp-block-heading\" id=\"cuanto-dura-la-prueba\">\u00bfCu\u00e1nto dura la prueba?<\/h4>\n\n\n\n<p>La prueba dura 3 horas. Te recomendamos que, para aprovecharlas al m\u00e1ximo, entres antes en el servidor de pruebas y practiques con los ejercicios que se proponen all\u00ed. Echa un vistazo a la secci\u00f3n de <a href=\"https:\/\/oicv.org\/valencia\/entrena\/\" data-type=\"page\" data-id=\"566\" target=\"_blank\" rel=\"noreferrer noopener\">ENTRENA<\/a>.<\/p>\n\n\n\n<h4 class=\"wp-block-heading\" id=\"que-software-podre-utilizar\">\u00bfQu\u00e9 software podr\u00e9 utilizar?<\/h4>\n\n\n\n<p>Tendr\u00e1s en el ordenador de la universidad instalado el software que se indica en el tutorial del juez  y podr\u00e1s compilar en local mientras desarrollas el ejercicio antes de subir el resultado al juez.<\/p>\n\n\n\n<h4 class=\"wp-block-heading\" id=\"puedo-practicar-antes-de-la-prueba\">\u00bfPuedo practicar antes de la prueba?<\/h4>\n\n\n\n<p>S\u00ed, te recomendamos que entres en el juez en pruebas y pruebes a resolver los ejercicios de ejemplo que all\u00ed se plantean. Estar\u00e1 disponible hasta unos d\u00edas antes de la prueba. Echa un vistazo a la explicaci\u00f3n en <a href=\"https:\/\/oicv.org\/valencia\/programa-2023\/\" data-type=\"page\" data-id=\"591\">Programa<\/a><\/p>\n\n\n\n<h4 class=\"wp-block-heading\" id=\"cuantas-veces-puedo-subir-los-resultados-de-un-ejercicio-al-juez\">\u00bfCu\u00e1ntas veces puedo subir los resultados de un ejercicio al juez?<\/h4>\n\n\n\n<p>Se pueden enviar m\u00faltiples veces los resultados de un ejercicio para aumentar puntuaci\u00f3n.<\/p>\n\n\n\n<h4 class=\"wp-block-heading\" id=\"puedo-utilizar-apuntes-durante-la-prueba\">\u00bfPuedo utilizar apuntes durante la prueba?<\/h4>\n\n\n\n<p>No, no puedes utilizar materiales de ning\u00fan tipo.<\/p>\n","protected":false},"excerpt":{"rendered":"<p>\u00bfC\u00f3mo me identifico para las pruebas? Con DNI, pasaporte o documento similar donde aparezca tu foto. \u00bfDebo llevar mi propio &hellip; <a href=\"https:\/\/oicv.org\/valencia\/f-a-q\/\">Continued<\/a><\/p>\n","protected":false},"author":1,"featured_media":305,"parent":0,"menu_order":0,"comment_status":"closed","ping_status":"closed","template":"views\/template-faqs.blade.php","meta":{"_acf_changed":false,"inline_featured_image":false,"footnotes":""},"class_list":["post-304","page","type-page","status-publish","has-post-thumbnail","hentry"],"acf":[],"_links":{"self":[{"href":"https:\/\/oicv.org\/valencia\/wp-json\/wp\/v2\/pages\/304","targetHints":{"allow":["GET"]}}],"collection":[{"href":"https:\/\/oicv.org\/valencia\/wp-json\/wp\/v2\/pages"}],"about":[{"href":"https:\/\/oicv.org\/valencia\/wp-json\/wp\/v2\/types\/page"}],"author":[{"embeddable":true,"href":"https:\/\/oicv.org\/valencia\/wp-json\/wp\/v2\/users\/1"}],"replies":[{"embeddable":true,"href":"https:\/\/oicv.org\/valencia\/wp-json\/wp\/v2\/comments?post=304"}],"version-history":[{"count":13,"href":"https:\/\/oicv.org\/valencia\/wp-json\/wp\/v2\/pages\/304\/revisions"}],"predecessor-version":[{"id":652,"href":"https:\/\/oicv.org\/valencia\/wp-json\/wp\/v2\/pages\/304\/revisions\/652"}],"wp:featuredmedia":[{"embeddable":true,"href":"https:\/\/oicv.org\/valencia\/wp-json\/wp\/v2\/media\/305"}],"wp:attachment":[{"href":"https:\/\/oicv.org\/valencia\/wp-json\/wp\/v2\/media?parent=304"}],"curies":[{"name":"wp","href":"https:\/\/api.w.org\/{rel}","templated":true}]}}