{"id":34,"date":"2021-09-27T10:43:39","date_gmt":"2021-09-27T10:43:39","guid":{"rendered":"http:\/\/localhost\/olimpiadas_valencia\/?page_id=34"},"modified":"2022-01-31T17:22:06","modified_gmt":"2022-01-31T17:22:06","slug":"preparacion","status":"publish","type":"page","link":"https:\/\/oicv.org\/valencia\/preparacion\/","title":{"rendered":"Preparaci\u00f3n"},"content":{"rendered":"\n<div class=\"wp-block-columns is-layout-flex wp-container-core-columns-is-layout-9d6595d7 wp-block-columns-is-layout-flex\">\n<div class=\"wp-block-column is-layout-flow wp-block-column-is-layout-flow\" style=\"flex-basis:50%\">\n<p>El primer paso de preparaci\u00f3n para participar en la Olimpiada Inform\u00e1tica es aprender a programar. En la OIE se admiten tres lenguajes, C++, Java y Python. De ellos recomendamos C++ pues es el \u00fanico admitido en la Olimpiada Inform\u00e1tica Internacional. Existen numerosos recursos en l\u00ednea y libros dedicados a C++, entre los que aconsejamos el manual preparado por la OIE. No obstante, si no has programado nunca quiz\u00e1 sea m\u00e1s f\u00e1cil empezar con Python. Revisa nuestra secci\u00f3n de <a href=\"#recursos\">recursos <\/a>para ver manuales de ayuda.<\/p>\n\n\n\n<p>La Olimpiada Inform\u00e1tica Espa\u00f1ola ha llegado a un acuerdo con la prestigiosa escuela en l\u00ednea Leagues of Code (LoC) para que los inscritos en cualquiera de las olimpiadas regionales puedan asistir a las clases de LoC gratuitamente (\u00a1sin pagar los 1500\u20ac que cuesta al a\u00f1o!). <\/p>\n\n\n\n<p>Las clases comienzan el 16 de octubre. Para los inscritos con posterioridad se definir\u00e1n nuevas fechas de apertura de grupos.<\/p>\n<\/div>\n\n\n\n<div class=\"wp-block-column order_primer is-layout-flow wp-block-column-is-layout-flow\" style=\"flex-basis:50%\">\n<div class=\"wp-block-image img_resp img_cont\"><figure class=\"aligncenter size-full\"><img loading=\"lazy\" decoding=\"async\" width=\"703\" height=\"554\" src=\"https:\/\/oicv.org\/valencia\/wp-content\/uploads\/2021\/10\/entrenando.png\" alt=\"\" class=\"wp-image-138\" srcset=\"https:\/\/oicv.org\/valencia\/wp-content\/uploads\/2021\/10\/entrenando.png 703w, https:\/\/oicv.org\/valencia\/wp-content\/uploads\/2021\/10\/entrenando-300x236.png 300w\" sizes=\"auto, (max-width: 703px) 100vw, 703px\" \/><\/figure><\/div>\n<\/div>\n<\/div>\n\n\n\n<div style=\"height:50px\" aria-hidden=\"true\" class=\"wp-block-spacer d-none d-md-flex\"><\/div>\n\n\n\n<div class=\"wp-block-columns is-layout-flex wp-container-core-columns-is-layout-9d6595d7 wp-block-columns-is-layout-flex\">\n<div class=\"wp-block-column is-layout-flow wp-block-column-is-layout-flow\">\n<div class=\"wp-block-image img_resp img_cont\"><figure class=\"aligncenter size-full\"><img loading=\"lazy\" decoding=\"async\" width=\"703\" height=\"610\" src=\"https:\/\/oicv.org\/valencia\/wp-content\/uploads\/2021\/10\/preparacion_2.png\" alt=\"\" class=\"wp-image-183\" srcset=\"https:\/\/oicv.org\/valencia\/wp-content\/uploads\/2021\/10\/preparacion_2.png 703w, https:\/\/oicv.org\/valencia\/wp-content\/uploads\/2021\/10\/preparacion_2-300x260.png 300w\" sizes=\"auto, (max-width: 703px) 100vw, 703px\" \/><\/figure><\/div>\n<\/div>\n\n\n\n<div class=\"wp-block-column is-layout-flow wp-block-column-is-layout-flow\">\n<h2 class=\"wp-block-heading\" id=\"en-que-consisten-las-clases\">\u00bfEn qu\u00e9 consisten las clases?<\/h2>\n\n\n\n<ul class=\"wp-block-list\"><li>Clases de 2 horas online cada fin de semana, con deberes durante la semana.<\/li><li>Profesores medallistas internacionales.<\/li><li>Cada inscrito es a\u00f1adido en uno de los 15 niveles seg\u00fan sus conocimientos iniciales y va cambiando de nivel seg\u00fan su velocidad de aprendizaje.<\/li><li>El nivel de las clases var\u00eda desde cero hasta nivel ol\u00edmpico internacional.<\/li><li>Las clases ser\u00e1n el s\u00e1bado o el domingo normalmente entre las 10:00 y las 14:00, el horario concreto se acordar\u00e1 con cada grupo de alumnos. Para aquellos alumnos que no puedan asistir a alguna clase se proporcionar\u00e1n grabaciones para que puedan visualizarlas en diferido y resolver los ejercicios asignados.<\/li><li>Formaci\u00f3n impartida en C++.<\/li><li>Aunque&nbsp;<a href=\"https:\/\/leaguesofcode.com\/\" target=\"_blank\" rel=\"noreferrer noopener\">su web<\/a>&nbsp;est\u00e1 en ingl\u00e9s, LoC har\u00e1 las clases en castellano espec\u00edficamente para los inscritos de la Olimpiada.<\/li><li>Incluir\u00e1 otras actividades como concursos de entrenamiento individuales y por equipos, conferencias de gur\u00fas del mundo de la tecnolog\u00eda, etc.<\/li><\/ul>\n<\/div>\n<\/div>\n\n\n\n<div style=\"height:60px\" aria-hidden=\"true\" class=\"wp-block-spacer\"><\/div>\n\n\n\n<div class=\"wp-block-image logo_ligas\"><figure class=\"aligncenter size-large is-resized\"><img loading=\"lazy\" decoding=\"async\" src=\"https:\/\/oicv.org\/valencia\/wp-content\/uploads\/2021\/10\/leagues_code.svg\" alt=\"\" class=\"wp-image-168\" width=\"432\" height=\"64\"\/><\/figure><\/div>\n\n\n\n<div style=\"height:60px\" aria-hidden=\"true\" class=\"wp-block-spacer\"><\/div>\n\n\n\n<h2 class=\"tit_leagues wp-block-heading\" id=\"como-participar-en-el-leagues-of-code\">\u00bfC\u00f3mo participar en el Leagues of Code?<\/h2>\n\n\n\n<div class=\"wp-block-columns cols_leagues is-layout-flex wp-container-core-columns-is-layout-9d6595d7 wp-block-columns-is-layout-flex\">\n<div class=\"wp-block-column is-layout-flow wp-block-column-is-layout-flow\" style=\"flex-basis:50%\">\n<ol class=\"wp-block-list\"><li>Inscr\u00edbete en la&nbsp;<a href=\"https:\/\/2022.olimpiada-informatica.org\/regionales.html\">competici\u00f3n regional<\/a>&nbsp;de la zona en la que vives o en el&nbsp;<a href=\"https:\/\/olimpiada-informatica.org\/registro\">clasificatorio abierto<\/a>.<\/li><li>Espera las instrucciones que te llegar\u00e1n por mail (probablemente unos d\u00edas despu\u00e9s ya que las procesamos en bloques; si pasado un tiempo no te llega, ponte en contacto con los organizadores del regional en el que te has inscrito).<\/li><li>En las instrucciones te proporcionaremos el enlace al formulario de registro de Leagues of Code y el c\u00f3digo promocional que tienes que utilizar para no tener que abonar los 1500 euros que vale la formaci\u00f3n.<\/li><\/ol>\n<\/div>\n\n\n\n<div class=\"wp-block-column is-layout-flow wp-block-column-is-layout-flow\" style=\"flex-basis:50%\">\n<p>El curso de Leagues of Code empezar\u00e1 con una prueba de nivel para ubicarte en el nivel adecuado. Durante la prueba de nivel y durante el curso se te exigir\u00e1 compromiso con el curso y una dedicaci\u00f3n razonable, a riesgo de ser apartado del curso en caso de no demostrar suficiente inter\u00e9s (te podr\u00e1s reenganchar m\u00e1s adelante pero deber\u00e1s volver a pasar la prueba de nivel). Hay que recordar que, aunque este curso es gratuito para ti, el coste real es de 1500 euros por lo que no podemos tener alumnos que no est\u00e1n dispuestos a sacar rendimiento del curso.<\/p>\n\n\n\n<p>Debe quedar claro que el curso no est\u00e1 dirigido (\u00fanicamente) a los aspirantes m\u00e1s brillantes, sino que est\u00e1 dirigido a todos los que quieran aprender y\/o mejorar conocimientos de programaci\u00f3n inform\u00e1tica, sin importar los conocimientos iniciales ni la velocidad de aprendizaje: la \u00fanica condici\u00f3n es el esfuerzo.<\/p>\n<\/div>\n<\/div>\n\n\n\n<div style=\"height:100px\" aria-hidden=\"true\" class=\"wp-block-spacer d-none d-md-flex\"><\/div>\n\n\n\n<div class=\"wp-block-columns is-layout-flex wp-container-core-columns-is-layout-9d6595d7 wp-block-columns-is-layout-flex\">\n<div class=\"wp-block-column is-layout-flow wp-block-column-is-layout-flow\" style=\"flex-basis:50%\">\n<h2 class=\"wp-block-heading\" id=\"recursos\">Otros recursos<\/h2>\n\n\n\n<p>Puedes utilizar&nbsp;<a href=\"https:\/\/aprende.olimpiada-informatica.org\/python\">este manual de python<\/a>&nbsp;tambi\u00e9n preparado por voluntarios de la OIE.<\/p>\n\n\n\n<p>Hay otros muchos recursos tanto en l\u00ednea como en formato f\u00edsico. No dejes de utilizar jueces en l\u00ednea para enviar y comprobar la validez de tus soluciones, revisar los problemas de ediciones anteriores de la Olimpiada, etc.<\/p>\n\n\n\n<p>Los manuales de la OIE incorporan <a href=\"https:\/\/aprende.olimpiada-informatica.org\/recomendaciones\">una buena lista de recursos para aprender a programar<\/a>. Otra fuente de informaci\u00f3n variada y recursos de programaci\u00f3n y algoritmos es <a href=\"https:\/\/ioinformatics.org\/page\/getting-started\/14\">esta p\u00e1gina<\/a> preparada por Olimpiada Inform\u00e1tica Internacional.<\/p>\n\n\n\n<div style=\"height:35px\" aria-hidden=\"true\" class=\"wp-block-spacer\"><\/div>\n\n\n\n<h2 class=\"wp-block-heading\" id=\"ejercicios-de-olimpiadas-anteriores\">Ejercicios de Olimpiadas anteriores<\/h2>\n\n\n\n<p>En los siguientes enlaces se pueden descargar los ejercicios de las anteriores ediciones de la Olimpiada:<\/p>\n\n\n\n<ul class=\"col_ejercicios wp-block-list\"><li><a rel=\"noreferrer noopener\" href=\"https:\/\/eps.ua.es\/es\/ingenieria-informatica\/documentos\/olimpiada\/iii-olimpiada\/ejercicios-i-olimpiada.pdf\" target=\"_blank\">Ejercicios de la I Olimpiada Inform\u00e1tica de la Comunitat Valenciana<\/a><\/li><li><a rel=\"noreferrer noopener\" href=\"https:\/\/eps.ua.es\/es\/ingenieria-informatica\/documentos\/olimpiada\/iii-olimpiada\/ejercicios-i-olimpiada.pdf\" target=\"_blank\">Ejercicios de la I Olimpiada Inform\u00e1tica de la Universidad de Alicante<\/a><\/li><li><a rel=\"noreferrer noopener\" href=\"https:\/\/eps.ua.es\/es\/ingenieria-informatica\/documentos\/olimpiada\/iii-olimpiada\/ejercicios-ii-olimpiada.pdf\" target=\"_blank\">Ejercicios de la II Olimpiada Inform\u00e1tica de la Universidad de Alicante<\/a> \u00a0<\/li><li><a rel=\"noreferrer noopener\" href=\"https:\/\/eps.ua.es\/es\/ingenieria-informatica\/documentos\/olimpiada\/vi-olimpiada\/ejercicios-iii-olimpiada-informatica.pdf\" target=\"_blank\">Ejercicios de la III Olimpiada Inform\u00e1tica de la Universidad de Alicante\u00a0<\/a><\/li><li><a rel=\"noreferrer noopener\" href=\"https:\/\/eps.ua.es\/es\/ingenieria-informatica\/documentos\/olimpiada\/vi-olimpiada\/problemas-iv-olimpiada-informatica.pdf\" target=\"_blank\">Ejercicios de la IV Olimpiada Inform\u00e1tica de la Universidad de Alicante<\/a><\/li><li><a rel=\"noreferrer noopener\" href=\"https:\/\/eps.ua.es\/es\/ingenieria-informatica\/documentos\/olimpiada\/vi-olimpiada\/problemas-v-olimpiada-informatica.pdf\" target=\"_blank\">Ejercicios de la V Olimpiada Inform\u00e1tica de la Universidad de Alicante<\/a><\/li><li><a rel=\"noreferrer noopener\" href=\"https:\/\/eps.ua.es\/es\/ingenieria-informatica\/documentos\/olimpiada\/vi-olimpiada\/ejercicios-vi-olimpiada-informatica.pdf\" target=\"_blank\">Ejercicios de la VI Olimpiada Inform\u00e1tica de la Universidad de Alicante<\/a><\/li><\/ul>\n<\/div>\n\n\n\n<div class=\"wp-block-column order_primer is-layout-flow wp-block-column-is-layout-flow\" style=\"flex-basis:50%\">\n<div style=\"height:30px\" aria-hidden=\"true\" class=\"wp-block-spacer d-none d-md-flex\"><\/div>\n\n\n\n<figure class=\"wp-block-image size-full img_resp img_cont align-self-center\"><img loading=\"lazy\" decoding=\"async\" width=\"600\" height=\"500\" src=\"https:\/\/oicv.org\/valencia\/wp-content\/uploads\/2021\/10\/recursos_2.png\" alt=\"\" class=\"wp-image-184\" srcset=\"https:\/\/oicv.org\/valencia\/wp-content\/uploads\/2021\/10\/recursos_2.png 600w, https:\/\/oicv.org\/valencia\/wp-content\/uploads\/2021\/10\/recursos_2-300x250.png 300w\" sizes=\"auto, (max-width: 600px) 100vw, 600px\" \/><\/figure>\n<\/div>\n<\/div>\n\n\n\n<div style=\"height:100px\" aria-hidden=\"true\" class=\"wp-block-spacer\"><\/div>\n","protected":false},"excerpt":{"rendered":"<p>El primer paso de preparaci\u00f3n para participar en la Olimpiada Inform\u00e1tica es aprender a programar. En la OIE se admiten &hellip; <a href=\"https:\/\/oicv.org\/valencia\/preparacion\/\">Continued<\/a><\/p>\n","protected":false},"author":1,"featured_media":0,"parent":0,"menu_order":0,"comment_status":"closed","ping_status":"closed","template":"views\/template-basica.blade.php","meta":{"_acf_changed":false,"inline_featured_image":false,"footnotes":""},"class_list":["post-34","page","type-page","status-publish","hentry"],"acf":[],"_links":{"self":[{"href":"https:\/\/oicv.org\/valencia\/wp-json\/wp\/v2\/pages\/34","targetHints":{"allow":["GET"]}}],"collection":[{"href":"https:\/\/oicv.org\/valencia\/wp-json\/wp\/v2\/pages"}],"about":[{"href":"https:\/\/oicv.org\/valencia\/wp-json\/wp\/v2\/types\/page"}],"author":[{"embeddable":true,"href":"https:\/\/oicv.org\/valencia\/wp-json\/wp\/v2\/users\/1"}],"replies":[{"embeddable":true,"href":"https:\/\/oicv.org\/valencia\/wp-json\/wp\/v2\/comments?post=34"}],"version-history":[{"count":30,"href":"https:\/\/oicv.org\/valencia\/wp-json\/wp\/v2\/pages\/34\/revisions"}],"predecessor-version":[{"id":435,"href":"https:\/\/oicv.org\/valencia\/wp-json\/wp\/v2\/pages\/34\/revisions\/435"}],"wp:attachment":[{"href":"https:\/\/oicv.org\/valencia\/wp-json\/wp\/v2\/media?parent=34"}],"curies":[{"name":"wp","href":"https:\/\/api.w.org\/{rel}","templated":true}]}}