{"id":566,"date":"2022-09-16T09:28:07","date_gmt":"2022-09-16T09:28:07","guid":{"rendered":"https:\/\/oicv.org\/valencia\/?page_id=566"},"modified":"2024-10-15T11:45:28","modified_gmt":"2024-10-15T11:45:28","slug":"entrena","status":"publish","type":"page","link":"https:\/\/oicv.org\/valencia\/entrena\/","title":{"rendered":"Entrena"},"content":{"rendered":"\n<div class=\"wp-block-columns is-layout-flex wp-container-core-columns-is-layout-9d6595d7 wp-block-columns-is-layout-flex\">\n<div class=\"wp-block-column is-layout-flow wp-block-column-is-layout-flow\" style=\"flex-basis:50%\">\n<p>Para entrenar hasta el d\u00eda la olimpiada tienes disponible el mismo sistema online de entrega de problemas que se utilizar\u00e1 el d\u00eda de la olimpiada (el llamado \u201cjuez\u201d) y unos ejercicios de prueba. Este sistema ser\u00e1 el encargado de valorar las soluciones presentadas por los participantes y establecer el ranking de ganadores y ganadoras el d\u00eda de la prueba.<\/p>\n\n\n\n<p>Aqu\u00ed encontrar\u00e1s <a href=\"https:\/\/links.uv.es\/u2MEkEI\" target=\"_blank\" rel=\"noreferrer noopener\">instrucciones sobre el uso del juez<\/a> y sobre los programas disponibles el d\u00eda de la prueba en esta p\u00e1gina.<\/p>\n\n\n\n<p>Para acceder al juez durante la fase de pruebas necesitar\u00e1s un usuario y contrase\u00f1a que se te proporcionar\u00e1 cuando te <a href=\"https:\/\/oicv.org\/valencia\/inscripcion-oicv\/\" data-type=\"page\" data-id=\"734\">inscribas en la olimpiada<\/a>.<\/p>\n\n\n\n<p>El acceso al juez se realiza a trav\u00e9s de la siguiente direcci\u00f3n<\/p>\n\n\n\n<p class=\"has-text-align-center boton_apunto\" id=\"boton_apunto\"><a href=\"https:\/\/etseoicv.uv.es\/\">Juez<\/a><\/p>\n<\/div>\n\n\n\n<div class=\"wp-block-column is-layout-flow wp-block-column-is-layout-flow\" style=\"flex-basis:50%\">\n<figure class=\"wp-block-image size-full img_cont\"><img loading=\"lazy\" decoding=\"async\" width=\"472\" height=\"609\" src=\"https:\/\/oicv.org\/valencia\/wp-content\/uploads\/2021\/10\/quien_puede.png\" alt=\"\" class=\"wp-image-136\" srcset=\"https:\/\/oicv.org\/valencia\/wp-content\/uploads\/2021\/10\/quien_puede.png 472w, https:\/\/oicv.org\/valencia\/wp-content\/uploads\/2021\/10\/quien_puede-233x300.png 233w\" sizes=\"auto, (max-width: 472px) 100vw, 472px\" \/><\/figure>\n<\/div>\n<\/div>\n","protected":false},"excerpt":{"rendered":"<p>Para entrenar hasta el d\u00eda la olimpiada tienes disponible el mismo sistema online de entrega de problemas que se utilizar\u00e1 &hellip; <a href=\"https:\/\/oicv.org\/valencia\/entrena\/\">Continued<\/a><\/p>\n","protected":false},"author":1,"featured_media":0,"parent":0,"menu_order":0,"comment_status":"closed","ping_status":"closed","template":"views\/template-basica.blade.php","meta":{"_acf_changed":false,"inline_featured_image":false,"footnotes":""},"class_list":["post-566","page","type-page","status-publish","hentry"],"acf":[],"_links":{"self":[{"href":"https:\/\/oicv.org\/valencia\/wp-json\/wp\/v2\/pages\/566","targetHints":{"allow":["GET"]}}],"collection":[{"href":"https:\/\/oicv.org\/valencia\/wp-json\/wp\/v2\/pages"}],"about":[{"href":"https:\/\/oicv.org\/valencia\/wp-json\/wp\/v2\/types\/page"}],"author":[{"embeddable":true,"href":"https:\/\/oicv.org\/valencia\/wp-json\/wp\/v2\/users\/1"}],"replies":[{"embeddable":true,"href":"https:\/\/oicv.org\/valencia\/wp-json\/wp\/v2\/comments?post=566"}],"version-history":[{"count":23,"href":"https:\/\/oicv.org\/valencia\/wp-json\/wp\/v2\/pages\/566\/revisions"}],"predecessor-version":[{"id":986,"href":"https:\/\/oicv.org\/valencia\/wp-json\/wp\/v2\/pages\/566\/revisions\/986"}],"wp:attachment":[{"href":"https:\/\/oicv.org\/valencia\/wp-json\/wp\/v2\/media?parent=566"}],"curies":[{"name":"wp","href":"https:\/\/api.w.org\/{rel}","templated":true}]}}