{"id":734,"date":"2023-01-04T18:42:09","date_gmt":"2023-01-04T18:42:09","guid":{"rendered":"https:\/\/oicv.org\/valencia\/?page_id=734"},"modified":"2025-09-23T12:16:57","modified_gmt":"2025-09-23T12:16:57","slug":"inscripcion-oicv","status":"publish","type":"page","link":"https:\/\/oicv.org\/valencia\/inscripcion-oicv\/","title":{"rendered":"Inscripci\u00f3n 2026"},"content":{"rendered":"\n<div class=\"wp-block-columns is-layout-flex wp-container-core-columns-is-layout-9d6595d7 wp-block-columns-is-layout-flex\">\n<div class=\"wp-block-column is-layout-flow wp-block-column-is-layout-flow\" style=\"flex-basis:50%\">\n<p>La preinscripci\u00f3n de la olimpiada de 2026 comenzar\u00e1 el 25 de septiembre de 2025 y se podr\u00e1 realizar hasta el 20 de diciembre de 2025.<\/p>\n\n\n\n<p>Cuando os inscrib\u00e1is se os proporcionar\u00e1 un usuario para acceder al juez en pruebas para practicar con ejercicios de ediciones anteriores.<\/p>\n\n\n\n<p><strong>Importante<\/strong>: para evitar problemas de aforo <strong>el n\u00famero de participantes m\u00e1ximo es de 120<\/strong> en cada una de las sedes. Entre los participantes preinscritos se establecer\u00e1 un ranking de los 120 mejores clasificados de la siguiente manera:<\/p>\n\n\n\n<ol class=\"wp-block-list\">\n<li>Se ordenar\u00e1n los participantes seg\u00fan la puntuaci\u00f3n que obtengan en los ejercicios del juez en pruebas, con fecha l\u00edmite hasta el 20 de diciembre de 2025 a las 15:00.<\/li>\n\n\n\n<li>Si con lo anterior no se cubriera el cupo de 120 personas se completar\u00e1 seg\u00fan el orden de inscripci\u00f3n en el formulario<\/li>\n<\/ol>\n\n\n\n<p>Una vez cerrado el plazo de inscripci\u00f3n se comunicar\u00e1 por correo electr\u00f3nico a las personas seleccionadas para participar en la olimpiada de 2026.<\/p>\n\n\n\n<p class=\"has-text-align-center boton_apunto\"><a href=\"https:\/\/enquestes.uv.es\/index.php\/579279?lang=es\" target=\"_blank\" rel=\"noreferrer noopener\">INCRIPCI\u00d3N 2026<\/a><\/p>\n\n\n\n<p>Para el profesorado que lo desee este a\u00f1o como novedad hemos habilitado un acceso al juez que os permitir\u00e1 ayudar a los participantes.<\/p>\n\n\n\n<p class=\"has-text-align-center boton_apunto\"><a href=\"https:\/\/enquestes.uv.es\/index.php\/359477?lang=es\" target=\"_blank\" rel=\"noreferrer noopener\">ACCESO AL JUEZ PARA PROFESORADO<\/a><\/p>\n\n\n\n<p><\/p>\n<\/div>\n<\/div>\n","protected":false},"excerpt":{"rendered":"<p>La preinscripci\u00f3n de la olimpiada de 2026 comenzar\u00e1 el 25 de septiembre de 2025 y se podr\u00e1 realizar hasta el &hellip; <a href=\"https:\/\/oicv.org\/valencia\/inscripcion-oicv\/\">Continued<\/a><\/p>\n","protected":false},"author":1,"featured_media":136,"parent":0,"menu_order":0,"comment_status":"closed","ping_status":"closed","template":"views\/template-basica.blade.php","meta":{"_acf_changed":false,"inline_featured_image":false,"footnotes":""},"class_list":["post-734","page","type-page","status-publish","has-post-thumbnail","hentry"],"acf":[],"_links":{"self":[{"href":"https:\/\/oicv.org\/valencia\/wp-json\/wp\/v2\/pages\/734","targetHints":{"allow":["GET"]}}],"collection":[{"href":"https:\/\/oicv.org\/valencia\/wp-json\/wp\/v2\/pages"}],"about":[{"href":"https:\/\/oicv.org\/valencia\/wp-json\/wp\/v2\/types\/page"}],"author":[{"embeddable":true,"href":"https:\/\/oicv.org\/valencia\/wp-json\/wp\/v2\/users\/1"}],"replies":[{"embeddable":true,"href":"https:\/\/oicv.org\/valencia\/wp-json\/wp\/v2\/comments?post=734"}],"version-history":[{"count":25,"href":"https:\/\/oicv.org\/valencia\/wp-json\/wp\/v2\/pages\/734\/revisions"}],"predecessor-version":[{"id":1116,"href":"https:\/\/oicv.org\/valencia\/wp-json\/wp\/v2\/pages\/734\/revisions\/1116"}],"wp:featuredmedia":[{"embeddable":true,"href":"https:\/\/oicv.org\/valencia\/wp-json\/wp\/v2\/media\/136"}],"wp:attachment":[{"href":"https:\/\/oicv.org\/valencia\/wp-json\/wp\/v2\/media?parent=734"}],"curies":[{"name":"wp","href":"https:\/\/api.w.org\/{rel}","templated":true}]}}